{"id":498,"date":"2020-03-03T09:17:31","date_gmt":"2020-03-03T09:17:31","guid":{"rendered":"http:\/\/ulfborg-fysio.dk\/?page_id=498"},"modified":"2020-03-03T09:17:31","modified_gmt":"2020-03-03T09:17:31","slug":"utilsigtede-haendelser","status":"publish","type":"page","link":"https:\/\/ulfborg-fysio.dk\/?page_id=498","title":{"rendered":"Utilsigtede h\u00e6ndelser"},"content":{"rendered":"<p>Vi g\u00f8r alt for at passe godt p\u00e5 dig!<\/p>\n<p>Men skulle du alligevel opleve en utilsigtet h\u00e6ndelse, \u201cet uheld\u201d, h\u00e5ber vi selvf\u00f8lgelig, at du vil sige det til os, s\u00e5 vi sammen kan forebygge at det sker igen.<\/p>\n<p>Du kan indrapportere det til Styrelsen for Patientsikkerhed p\u00e5 <a href=\"http:\/\/www.stps.dk\" target=\"_blank\">www.stps.dk<\/a>.<\/p>\n<p>Du kan ogs\u00e5 f\u00e5 hj\u00e6lp fra regionens patientvejleder p\u00e5 <a href=\"mailto:patientkontoret@rm.dk\" target=\"_blank\">patientkontoret@rm.dk<\/a> eller tlf. 7841 0444.<\/p>\n","protected":false},"excerpt":{"rendered":"<p>Vi g\u00f8r alt for at passe godt p\u00e5 dig! Men skulle du alligevel opleve en utilsigtet h\u00e6ndelse, \u201cet uheld\u201d, h\u00e5ber vi selvf\u00f8lgelig, at du vil sige det til os, s\u00e5 vi sammen kan forebygge at det sker igen. Du kan indrapportere det til Styrelsen for Patientsikkerhed p\u00e5 www.stps.dk. Du kan ogs\u00e5 f\u00e5 hj\u00e6lp fra regionens [&hellip;]<\/p>\n","protected":false},"author":1,"featured_media":0,"parent":0,"menu_order":0,"comment_status":"closed","ping_status":"closed","template":"","meta":{"ngg_post_thumbnail":0},"yoast_head":"<!-- This site is optimized with the Yoast SEO plugin v16.9 - https:\/\/yoast.com\/wordpress\/plugins\/seo\/ -->\n<meta name=\"robots\" content=\"index, follow, max-snippet:-1, max-image-preview:large, max-video-preview:-1\" \/>\n<link rel=\"canonical\" href=\"https:\/\/ulfborg-fysio.dk\/?page_id=498\" \/>\n<meta property=\"og:locale\" content=\"da_DK\" \/>\n<meta property=\"og:type\" content=\"article\" \/>\n<meta property=\"og:title\" content=\"Utilsigtede h\u00e6ndelser - Ulfborg Klinik for Fysioterapi\" \/>\n<meta property=\"og:description\" content=\"Vi g\u00f8r alt for at passe godt p\u00e5 dig! Men skulle du alligevel opleve en utilsigtet h\u00e6ndelse, \u201cet uheld\u201d, h\u00e5ber vi selvf\u00f8lgelig, at du vil sige det til os, s\u00e5 vi sammen kan forebygge at det sker igen. Du kan indrapportere det til Styrelsen for Patientsikkerhed p\u00e5 www.stps.dk. Du kan ogs\u00e5 f\u00e5 hj\u00e6lp fra regionens [&hellip;]\" \/>\n<meta property=\"og:url\" content=\"https:\/\/ulfborg-fysio.dk\/?page_id=498\" \/>\n<meta property=\"og:site_name\" content=\"Ulfborg Klinik for Fysioterapi\" \/>\n<meta name=\"twitter:card\" content=\"summary\" \/>\n<script type=\"application\/ld+json\" class=\"yoast-schema-graph\">{\"@context\":\"https:\/\/schema.org\",\"@graph\":[{\"@type\":\"WebSite\",\"@id\":\"https:\/\/ulfborg-fysio.dk\/#website\",\"url\":\"https:\/\/ulfborg-fysio.dk\/\",\"name\":\"Ulfborg Klinik for Fysioterapi\",\"description\":\"\",\"potentialAction\":[{\"@type\":\"SearchAction\",\"target\":{\"@type\":\"EntryPoint\",\"urlTemplate\":\"https:\/\/ulfborg-fysio.dk\/?s={search_term_string}\"},\"query-input\":\"required name=search_term_string\"}],\"inLanguage\":\"da-DK\"},{\"@type\":\"WebPage\",\"@id\":\"https:\/\/ulfborg-fysio.dk\/?page_id=498#webpage\",\"url\":\"https:\/\/ulfborg-fysio.dk\/?page_id=498\",\"name\":\"Utilsigtede h\\u00e6ndelser - Ulfborg Klinik for Fysioterapi\",\"isPartOf\":{\"@id\":\"https:\/\/ulfborg-fysio.dk\/#website\"},\"datePublished\":\"2020-03-03T09:17:31+00:00\",\"dateModified\":\"2020-03-03T09:17:31+00:00\",\"breadcrumb\":{\"@id\":\"https:\/\/ulfborg-fysio.dk\/?page_id=498#breadcrumb\"},\"inLanguage\":\"da-DK\",\"potentialAction\":[{\"@type\":\"ReadAction\",\"target\":[\"https:\/\/ulfborg-fysio.dk\/?page_id=498\"]}]},{\"@type\":\"BreadcrumbList\",\"@id\":\"https:\/\/ulfborg-fysio.dk\/?page_id=498#breadcrumb\",\"itemListElement\":[{\"@type\":\"ListItem\",\"position\":1,\"name\":\"Hjem\",\"item\":\"https:\/\/ulfborg-fysio.dk\/\"},{\"@type\":\"ListItem\",\"position\":2,\"name\":\"Utilsigtede h\\u00e6ndelser\"}]}]}<\/script>\n<!-- \/ Yoast SEO plugin. -->","yoast_head_json":{"robots":{"index":"index","follow":"follow","max-snippet":"max-snippet:-1","max-image-preview":"max-image-preview:large","max-video-preview":"max-video-preview:-1"},"canonical":"https:\/\/ulfborg-fysio.dk\/?page_id=498","og_locale":"da_DK","og_type":"article","og_title":"Utilsigtede h\u00e6ndelser - Ulfborg Klinik for Fysioterapi","og_description":"Vi g\u00f8r alt for at passe godt p\u00e5 dig! Men skulle du alligevel opleve en utilsigtet h\u00e6ndelse, \u201cet uheld\u201d, h\u00e5ber vi selvf\u00f8lgelig, at du vil sige det til os, s\u00e5 vi sammen kan forebygge at det sker igen. Du kan indrapportere det til Styrelsen for Patientsikkerhed p\u00e5 www.stps.dk. Du kan ogs\u00e5 f\u00e5 hj\u00e6lp fra regionens [&hellip;]","og_url":"https:\/\/ulfborg-fysio.dk\/?page_id=498","og_site_name":"Ulfborg Klinik for Fysioterapi","twitter_card":"summary","schema":{"@context":"https:\/\/schema.org","@graph":[{"@type":"WebSite","@id":"https:\/\/ulfborg-fysio.dk\/#website","url":"https:\/\/ulfborg-fysio.dk\/","name":"Ulfborg Klinik for Fysioterapi","description":"","potentialAction":[{"@type":"SearchAction","target":{"@type":"EntryPoint","urlTemplate":"https:\/\/ulfborg-fysio.dk\/?s={search_term_string}"},"query-input":"required name=search_term_string"}],"inLanguage":"da-DK"},{"@type":"WebPage","@id":"https:\/\/ulfborg-fysio.dk\/?page_id=498#webpage","url":"https:\/\/ulfborg-fysio.dk\/?page_id=498","name":"Utilsigtede h\u00e6ndelser - Ulfborg Klinik for Fysioterapi","isPartOf":{"@id":"https:\/\/ulfborg-fysio.dk\/#website"},"datePublished":"2020-03-03T09:17:31+00:00","dateModified":"2020-03-03T09:17:31+00:00","breadcrumb":{"@id":"https:\/\/ulfborg-fysio.dk\/?page_id=498#breadcrumb"},"inLanguage":"da-DK","potentialAction":[{"@type":"ReadAction","target":["https:\/\/ulfborg-fysio.dk\/?page_id=498"]}]},{"@type":"BreadcrumbList","@id":"https:\/\/ulfborg-fysio.dk\/?page_id=498#breadcrumb","itemListElement":[{"@type":"ListItem","position":1,"name":"Hjem","item":"https:\/\/ulfborg-fysio.dk\/"},{"@type":"ListItem","position":2,"name":"Utilsigtede h\u00e6ndelser"}]}]}},"_links":{"self":[{"href":"https:\/\/ulfborg-fysio.dk\/index.php?rest_route=\/wp\/v2\/pages\/498"}],"collection":[{"href":"https:\/\/ulfborg-fysio.dk\/index.php?rest_route=\/wp\/v2\/pages"}],"about":[{"href":"https:\/\/ulfborg-fysio.dk\/index.php?rest_route=\/wp\/v2\/types\/page"}],"author":[{"embeddable":true,"href":"https:\/\/ulfborg-fysio.dk\/index.php?rest_route=\/wp\/v2\/users\/1"}],"replies":[{"embeddable":true,"href":"https:\/\/ulfborg-fysio.dk\/index.php?rest_route=%2Fwp%2Fv2%2Fcomments&post=498"}],"version-history":[{"count":1,"href":"https:\/\/ulfborg-fysio.dk\/index.php?rest_route=\/wp\/v2\/pages\/498\/revisions"}],"predecessor-version":[{"id":500,"href":"https:\/\/ulfborg-fysio.dk\/index.php?rest_route=\/wp\/v2\/pages\/498\/revisions\/500"}],"wp:attachment":[{"href":"https:\/\/ulfborg-fysio.dk\/index.php?rest_route=%2Fwp%2Fv2%2Fmedia&parent=498"}],"curies":[{"name":"wp","href":"https:\/\/api.w.org\/{rel}","templated":true}]}}