{"id":46,"date":"2015-03-01T09:22:12","date_gmt":"2015-03-01T09:22:12","guid":{"rendered":"http:\/\/ulfborg-fysio.dk\/?page_id=46"},"modified":"2025-01-22T08:56:27","modified_gmt":"2025-01-22T08:56:27","slug":"om-klinikken","status":"publish","type":"page","link":"https:\/\/ulfborg-fysio.dk\/?page_id=46","title":{"rendered":"Om klinikken"},"content":{"rendered":"<p><a href=\"http:\/\/ulfborg-fysio.dk\/wp-content\/uploads\/2022\/09\/2774_73104458170_2306780_n.jpg\"><img loading=\"lazy\" class=\"aligncenter wp-image-572 size-full\" src=\"http:\/\/ulfborg-fysio.dk\/wp-content\/uploads\/2022\/09\/2774_73104458170_2306780_n.jpg\" alt=\"\" width=\"600\" height=\"403\" srcset=\"https:\/\/ulfborg-fysio.dk\/wp-content\/uploads\/2022\/09\/2774_73104458170_2306780_n.jpg 600w, https:\/\/ulfborg-fysio.dk\/wp-content\/uploads\/2022\/09\/2774_73104458170_2306780_n-300x202.jpg 300w\" sizes=\"(max-width: 600px) 100vw, 600px\" \/><\/a><\/p>\n<p>Ulfborg klinik for fysioterapi har seks fysioterapeuter til r\u00e5dighed. Vi behandler b\u00e5de b\u00f8rn og voksne p\u00e5 klinikken, i hjemmet eller i vores eget tr\u00e6ningscenter.&nbsp;<\/p>\n<p>Vi tilbyder desuden konsulentbistand til virksomheder i form af forebyggende tr\u00e6ning og vejledning baseret p\u00e5 sundhedsprofiler.<\/p>\n<h2>Her bor vi<\/h2>\n<p>Vi bor i Aktivcenteret. Det er placeret midt p\u00e5 hovedgaden i Ulfborg.<br \/>\nDer er parkering lige ved d\u00f8ren, og vi har ingen trapper. <a title=\"Find vej\" href=\"http:\/\/ulfborg-fysio.dk\/?page_id=43\">Klik her for at se et kort<\/a>.<\/p>\n<h2>\u00c5bningstider<\/h2>\n<ul>\n<li>Mandag: 8.00-18.00<\/li>\n<li>Tirsdag: 8.00-18.00<\/li>\n<li>Onsdag: 8.00-18.00<\/li>\n<li>Torsdag: 8.00-18.00<\/li>\n<li>Fredag: 8.00-14.30<\/li>\n<\/ul>\n<p>Telefontid mandag-torsdag 8.00 &#8211; 14.00 Fredag 8.00 &#8211; 12.00&nbsp;&#8211; Telefon 97 49 22 20<\/p>\n<h2>Mulighed for tilskud<\/h2>\n<p>Der kan opn\u00e5s tilskud til behandling ved henvisning fra l\u00e6gen. Der gives tilskud fra Sygeforsikringen &#8220;danmark&#8221;,<\/p>\n<p>b\u00e5de med og uden henvisning fra l\u00e6gen.<\/p>\n","protected":false},"excerpt":{"rendered":"<p>Ulfborg klinik for fysioterapi har seks fysioterapeuter til r\u00e5dighed. Vi behandler b\u00e5de b\u00f8rn og voksne p\u00e5 klinikken, i hjemmet eller i vores eget tr\u00e6ningscenter.&nbsp; Vi tilbyder desuden konsulentbistand til virksomheder i form af forebyggende tr\u00e6ning og vejledning baseret p\u00e5 sundhedsprofiler. Her bor vi Vi bor i Aktivcenteret. Det er placeret midt p\u00e5 hovedgaden i Ulfborg. [&hellip;]<\/p>\n","protected":false},"author":1,"featured_media":0,"parent":0,"menu_order":0,"comment_status":"closed","ping_status":"closed","template":"","meta":{"ngg_post_thumbnail":0},"yoast_head":"<!-- This site is optimized with the Yoast SEO plugin v16.9 - https:\/\/yoast.com\/wordpress\/plugins\/seo\/ -->\n<meta name=\"robots\" content=\"index, follow, max-snippet:-1, max-image-preview:large, max-video-preview:-1\" \/>\n<link rel=\"canonical\" href=\"https:\/\/ulfborg-fysio.dk\/?page_id=46\" \/>\n<meta property=\"og:locale\" content=\"da_DK\" \/>\n<meta property=\"og:type\" content=\"article\" \/>\n<meta property=\"og:title\" content=\"Om klinikken - Ulfborg Klinik for Fysioterapi\" \/>\n<meta property=\"og:description\" content=\"Ulfborg klinik for fysioterapi har seks fysioterapeuter til r\u00e5dighed. Vi behandler b\u00e5de b\u00f8rn og voksne p\u00e5 klinikken, i hjemmet eller i vores eget tr\u00e6ningscenter.&nbsp; Vi tilbyder desuden konsulentbistand til virksomheder i form af forebyggende tr\u00e6ning og vejledning baseret p\u00e5 sundhedsprofiler. Her bor vi Vi bor i Aktivcenteret. Det er placeret midt p\u00e5 hovedgaden i Ulfborg. [&hellip;]\" \/>\n<meta property=\"og:url\" content=\"https:\/\/ulfborg-fysio.dk\/?page_id=46\" \/>\n<meta property=\"og:site_name\" content=\"Ulfborg Klinik for Fysioterapi\" \/>\n<meta property=\"article:modified_time\" content=\"2025-01-22T08:56:27+00:00\" \/>\n<meta property=\"og:image\" content=\"http:\/\/ulfborg-fysio.dk\/wp-content\/uploads\/2022\/09\/2774_73104458170_2306780_n.jpg\" \/>\n<meta name=\"twitter:card\" content=\"summary\" \/>\n<meta name=\"twitter:label1\" content=\"Estimeret l\u00e6setid\" \/>\n\t<meta name=\"twitter:data1\" content=\"1 minut\" \/>\n<script type=\"application\/ld+json\" class=\"yoast-schema-graph\">{\"@context\":\"https:\/\/schema.org\",\"@graph\":[{\"@type\":\"WebSite\",\"@id\":\"https:\/\/ulfborg-fysio.dk\/#website\",\"url\":\"https:\/\/ulfborg-fysio.dk\/\",\"name\":\"Ulfborg Klinik for Fysioterapi\",\"description\":\"\",\"potentialAction\":[{\"@type\":\"SearchAction\",\"target\":{\"@type\":\"EntryPoint\",\"urlTemplate\":\"https:\/\/ulfborg-fysio.dk\/?s={search_term_string}\"},\"query-input\":\"required name=search_term_string\"}],\"inLanguage\":\"da-DK\"},{\"@type\":\"ImageObject\",\"@id\":\"https:\/\/ulfborg-fysio.dk\/?page_id=46#primaryimage\",\"inLanguage\":\"da-DK\",\"url\":\"http:\/\/ulfborg-fysio.dk\/wp-content\/uploads\/2022\/09\/2774_73104458170_2306780_n.jpg\",\"contentUrl\":\"http:\/\/ulfborg-fysio.dk\/wp-content\/uploads\/2022\/09\/2774_73104458170_2306780_n.jpg\"},{\"@type\":\"WebPage\",\"@id\":\"https:\/\/ulfborg-fysio.dk\/?page_id=46#webpage\",\"url\":\"https:\/\/ulfborg-fysio.dk\/?page_id=46\",\"name\":\"Om klinikken - Ulfborg Klinik for Fysioterapi\",\"isPartOf\":{\"@id\":\"https:\/\/ulfborg-fysio.dk\/#website\"},\"primaryImageOfPage\":{\"@id\":\"https:\/\/ulfborg-fysio.dk\/?page_id=46#primaryimage\"},\"datePublished\":\"2015-03-01T09:22:12+00:00\",\"dateModified\":\"2025-01-22T08:56:27+00:00\",\"breadcrumb\":{\"@id\":\"https:\/\/ulfborg-fysio.dk\/?page_id=46#breadcrumb\"},\"inLanguage\":\"da-DK\",\"potentialAction\":[{\"@type\":\"ReadAction\",\"target\":[\"https:\/\/ulfborg-fysio.dk\/?page_id=46\"]}]},{\"@type\":\"BreadcrumbList\",\"@id\":\"https:\/\/ulfborg-fysio.dk\/?page_id=46#breadcrumb\",\"itemListElement\":[{\"@type\":\"ListItem\",\"position\":1,\"name\":\"Hjem\",\"item\":\"https:\/\/ulfborg-fysio.dk\/\"},{\"@type\":\"ListItem\",\"position\":2,\"name\":\"Om klinikken\"}]}]}<\/script>\n<!-- \/ Yoast SEO plugin. -->","yoast_head_json":{"robots":{"index":"index","follow":"follow","max-snippet":"max-snippet:-1","max-image-preview":"max-image-preview:large","max-video-preview":"max-video-preview:-1"},"canonical":"https:\/\/ulfborg-fysio.dk\/?page_id=46","og_locale":"da_DK","og_type":"article","og_title":"Om klinikken - Ulfborg Klinik for Fysioterapi","og_description":"Ulfborg klinik for fysioterapi har seks fysioterapeuter til r\u00e5dighed. Vi behandler b\u00e5de b\u00f8rn og voksne p\u00e5 klinikken, i hjemmet eller i vores eget tr\u00e6ningscenter.&nbsp; Vi tilbyder desuden konsulentbistand til virksomheder i form af forebyggende tr\u00e6ning og vejledning baseret p\u00e5 sundhedsprofiler. Her bor vi Vi bor i Aktivcenteret. Det er placeret midt p\u00e5 hovedgaden i Ulfborg. [&hellip;]","og_url":"https:\/\/ulfborg-fysio.dk\/?page_id=46","og_site_name":"Ulfborg Klinik for Fysioterapi","article_modified_time":"2025-01-22T08:56:27+00:00","og_image":[{"url":"http:\/\/ulfborg-fysio.dk\/wp-content\/uploads\/2022\/09\/2774_73104458170_2306780_n.jpg"}],"twitter_card":"summary","twitter_misc":{"Estimeret l\u00e6setid":"1 minut"},"schema":{"@context":"https:\/\/schema.org","@graph":[{"@type":"WebSite","@id":"https:\/\/ulfborg-fysio.dk\/#website","url":"https:\/\/ulfborg-fysio.dk\/","name":"Ulfborg Klinik for Fysioterapi","description":"","potentialAction":[{"@type":"SearchAction","target":{"@type":"EntryPoint","urlTemplate":"https:\/\/ulfborg-fysio.dk\/?s={search_term_string}"},"query-input":"required name=search_term_string"}],"inLanguage":"da-DK"},{"@type":"ImageObject","@id":"https:\/\/ulfborg-fysio.dk\/?page_id=46#primaryimage","inLanguage":"da-DK","url":"http:\/\/ulfborg-fysio.dk\/wp-content\/uploads\/2022\/09\/2774_73104458170_2306780_n.jpg","contentUrl":"http:\/\/ulfborg-fysio.dk\/wp-content\/uploads\/2022\/09\/2774_73104458170_2306780_n.jpg"},{"@type":"WebPage","@id":"https:\/\/ulfborg-fysio.dk\/?page_id=46#webpage","url":"https:\/\/ulfborg-fysio.dk\/?page_id=46","name":"Om klinikken - Ulfborg Klinik for Fysioterapi","isPartOf":{"@id":"https:\/\/ulfborg-fysio.dk\/#website"},"primaryImageOfPage":{"@id":"https:\/\/ulfborg-fysio.dk\/?page_id=46#primaryimage"},"datePublished":"2015-03-01T09:22:12+00:00","dateModified":"2025-01-22T08:56:27+00:00","breadcrumb":{"@id":"https:\/\/ulfborg-fysio.dk\/?page_id=46#breadcrumb"},"inLanguage":"da-DK","potentialAction":[{"@type":"ReadAction","target":["https:\/\/ulfborg-fysio.dk\/?page_id=46"]}]},{"@type":"BreadcrumbList","@id":"https:\/\/ulfborg-fysio.dk\/?page_id=46#breadcrumb","itemListElement":[{"@type":"ListItem","position":1,"name":"Hjem","item":"https:\/\/ulfborg-fysio.dk\/"},{"@type":"ListItem","position":2,"name":"Om klinikken"}]}]}},"_links":{"self":[{"href":"https:\/\/ulfborg-fysio.dk\/index.php?rest_route=\/wp\/v2\/pages\/46"}],"collection":[{"href":"https:\/\/ulfborg-fysio.dk\/index.php?rest_route=\/wp\/v2\/pages"}],"about":[{"href":"https:\/\/ulfborg-fysio.dk\/index.php?rest_route=\/wp\/v2\/types\/page"}],"author":[{"embeddable":true,"href":"https:\/\/ulfborg-fysio.dk\/index.php?rest_route=\/wp\/v2\/users\/1"}],"replies":[{"embeddable":true,"href":"https:\/\/ulfborg-fysio.dk\/index.php?rest_route=%2Fwp%2Fv2%2Fcomments&post=46"}],"version-history":[{"count":11,"href":"https:\/\/ulfborg-fysio.dk\/index.php?rest_route=\/wp\/v2\/pages\/46\/revisions"}],"predecessor-version":[{"id":604,"href":"https:\/\/ulfborg-fysio.dk\/index.php?rest_route=\/wp\/v2\/pages\/46\/revisions\/604"}],"wp:attachment":[{"href":"https:\/\/ulfborg-fysio.dk\/index.php?rest_route=%2Fwp%2Fv2%2Fmedia&parent=46"}],"curies":[{"name":"wp","href":"https:\/\/api.w.org\/{rel}","templated":true}]}}