{"id":402,"date":"2018-06-08T10:33:46","date_gmt":"2018-06-08T10:33:46","guid":{"rendered":"http:\/\/ulfborg-fysio.dk\/?page_id=402"},"modified":"2018-06-08T10:33:46","modified_gmt":"2018-06-08T10:33:46","slug":"persondatapolitik","status":"publish","type":"page","link":"https:\/\/ulfborg-fysio.dk\/?page_id=402","title":{"rendered":"Persondatapolitik"},"content":{"rendered":"<h2>PERSONDATAPOLITIK FOR PATIENTBEHANDLING VED<br \/>\nULFBORG KLINIK FOR FYSIOTERAPI V\/LENE DYBDAL<\/h2>\n<p>Velkommen som patient p\u00e5 Ulfborg Klinik For Fysioterapi,Holmegade 35, 6990 Ulfborg, mail : info@ulfborg-fysio.dk. I forbindelse med dine behandlinger her p\u00e5 klinikken er det n\u00f8dvendigt, at vi noterer og behandler oplysninger om dig.<\/p>\n<h3>1. Hvilke oplysninger behandler vi?<\/h3>\n<p>I forbindelse med din behandling p\u00e5 klinikken noterer vi oplysninger om dine helbredsm\u00e6ssige forhold til brug for den journalf\u00f8relse, som vi efter sundhedslovgivningen har pligt til at foretage. De n\u00e6rmere regler findes i autorisationslovens kapitel 6 og journalbekendtg\u00f8relsen (bkg. nr. 1090 af 28. juli 2016 om 1090 om autoriserede sundhedspersoners patientjournaler).<\/p>\n<p>Udover de helbredsoplysninger vi selv noterer om dig, kan vi modtage helbredsoplysninger om dig fra andre sundhedspersoner, f.eks. din l\u00e6ge, efter reglerne i sundhedslovens kapitel 9.<\/p>\n<p>Oplysningerne anvendes til brug for en god og sikker behandling af dig og de administrative funktioner, der er forbundet hermed.<\/p>\n<p>Vi har pligt til at opbevare dine oplysninger sikkert og fortroligt.<\/p>\n<p>Vi kan ogs\u00e5 registrere andre oplysninger om dig til brug for afregningsform\u00e5l. Disse oplysninger noteres med hjemmel i databeskyttelsesforordningens art. 6, stk. 1, litra b og f [indtil 25. maj 2018: persondatalovens \u00a7 6, stk. 1, nr. 2 og nr. 7].<\/p>\n<p>[Vi kan ogs\u00e5 anvende dine kontaktoplysninger til brug for udsendelse af nyhedsbreve eller andre markedsf\u00f8ringsm\u00e6ssige tiltag. I s\u00e5 fald indhenter vi f\u00f8rst dit samtykke. Denne anvendelse sker med hjemmel i databeskyttelsesforordningens art. 6, stk. 1, litra a [indtil 25. maj 2018: persondatalovens \u00a7 6, stk. 1, nr. 1].]<\/p>\n<h3>2. Videregivelse af oplysninger<\/h3>\n<p>Efter sundhedsloven har vi tavshedspligt om dine helbredsm\u00e6ssige og andre f\u00f8lsomme forhold, men hvis det er n\u00f8dvendigt, kan vi udveksle dine helbredsoplysninger internt blandt vort personale.<\/p>\n<p>Videregivelse af helbredsoplysninger uden for klinikken m\u00e5 som udgangspunkt kun ske med dit samtykke. I s\u00e6rlige tilf\u00e6lde kan der efter reglerne i sundhedsloven ske videregivelse uden samtykke. Det vil typisk v\u00e6re til andre sundhedspersoner, f.eks. din egen l\u00e6ge. De n\u00e6rmere regler herom findes i sundhedslovens kapitel 9.<\/p>\n<p>De oplysninger vi har registreret til brug for afregningsform\u00e5l, udveksles med betalingsformidlere i det omfang, det er n\u00f8dvendigt for at gennemf\u00f8re betalingerne. Hvis din behandling helt eller delvist betales af andre end dig selv, f.eks. af din region eller af et forsikringsselskab, vil vi ogs\u00e5 videregive oplysninger om behandlingen til den, der skal betale.<\/p>\n<h3>4. Hvor l\u00e6nge opbevares oplysningerne?<\/h3>\n<p>Din journal opbevares i det tidsrum, der er fastlagt af Styrelsen for Patientsikkerhed. Det g\u00e6ldende tidsrum er 5 \u00e5r fra det seneste notat i journalen, jf. journalbekendtg\u00f8relsens \u00a7 15, stk. 2. I s\u00e6rlige tilf\u00e6lde kan journalen opbevares l\u00e6ngere.<\/p>\n<p>Oplysninger til brug for afregningsform\u00e5l opbevares s\u00e5 l\u00e6nge, det er n\u00f8dvendigt af hensyn til afregning og bogf\u00f8ring.<\/p>\n<h3>5. Dine rettigheder vedr\u00f8rende oplysningerne<\/h3>\n<p>Du kan f\u00e5 indsigt i hvilke oplysninger, vi har registeret om dig, ved at kontakte os. Efter autorisationslovens \u00a7 24 m\u00e5 vi ikke slette oplysninger i din journal, men hvis du mener, at der er fejl i journalen, kan du bede om, at der laves en tilf\u00f8jelse.<\/p>\n<p>For oplysninger, der ikke er omfattet af patientjournalen, har du har ret til at f\u00e5 rettet eller slettet ukorrekte oplysninger. Du har ogs\u00e5 ret til at bede os om at oph\u00f8re med at behandle s\u00e5danne oplysninger om dig.<\/p>\n<h3>6. Klage<\/h3>\n<p>Klager over vores behandling af dine personoplysninger kan indgives til Datatilsynet, Borgergade 28, 5. sal, 1300 K\u00f8benhavn K. Du kan finde n\u00e6rmere oplysninger om Datatilsynet p\u00e5 <a href=\"http:\/\/www.datatilsynet.dk\" target=\"_blank\">www.datatilsynet.dk<\/a><\/p>\n<p>Tilsyn med reglerne i sundhedslovgivningen f\u00f8res af Styrelsen for Patientsikkerhed. Du kan findes styrelsens kontaktoplysninger p\u00e5 <a href=\"http:\/\/www.stps.dk\" target=\"_blank\">www.stps.dk<\/a><\/p>\n","protected":false},"excerpt":{"rendered":"<p>PERSONDATAPOLITIK FOR PATIENTBEHANDLING VED ULFBORG KLINIK FOR FYSIOTERAPI V\/LENE DYBDAL Velkommen som patient p\u00e5 Ulfborg Klinik For Fysioterapi,Holmegade 35, 6990 Ulfborg, mail : info@ulfborg-fysio.dk. I forbindelse med dine behandlinger her p\u00e5 klinikken er det n\u00f8dvendigt, at vi noterer og behandler oplysninger om dig. 1. Hvilke oplysninger behandler vi? I forbindelse med din behandling p\u00e5 klinikken [&hellip;]<\/p>\n","protected":false},"author":1,"featured_media":0,"parent":0,"menu_order":0,"comment_status":"closed","ping_status":"closed","template":"","meta":{"ngg_post_thumbnail":0},"yoast_head":"<!-- This site is optimized with the Yoast SEO plugin v16.9 - https:\/\/yoast.com\/wordpress\/plugins\/seo\/ -->\n<meta name=\"robots\" content=\"index, follow, max-snippet:-1, max-image-preview:large, max-video-preview:-1\" \/>\n<link rel=\"canonical\" href=\"https:\/\/ulfborg-fysio.dk\/?page_id=402\" \/>\n<meta property=\"og:locale\" content=\"da_DK\" \/>\n<meta property=\"og:type\" content=\"article\" \/>\n<meta property=\"og:title\" content=\"Persondatapolitik - Ulfborg Klinik for Fysioterapi\" \/>\n<meta property=\"og:description\" content=\"PERSONDATAPOLITIK FOR PATIENTBEHANDLING VED ULFBORG KLINIK FOR FYSIOTERAPI V\/LENE DYBDAL Velkommen som patient p\u00e5 Ulfborg Klinik For Fysioterapi,Holmegade 35, 6990 Ulfborg, mail : info@ulfborg-fysio.dk. I forbindelse med dine behandlinger her p\u00e5 klinikken er det n\u00f8dvendigt, at vi noterer og behandler oplysninger om dig. 1. Hvilke oplysninger behandler vi? I forbindelse med din behandling p\u00e5 klinikken [&hellip;]\" \/>\n<meta property=\"og:url\" content=\"https:\/\/ulfborg-fysio.dk\/?page_id=402\" \/>\n<meta property=\"og:site_name\" content=\"Ulfborg Klinik for Fysioterapi\" \/>\n<meta name=\"twitter:card\" content=\"summary\" \/>\n<meta name=\"twitter:label1\" content=\"Estimeret l\u00e6setid\" \/>\n\t<meta name=\"twitter:data1\" content=\"3 minutter\" \/>\n<script type=\"application\/ld+json\" class=\"yoast-schema-graph\">{\"@context\":\"https:\/\/schema.org\",\"@graph\":[{\"@type\":\"WebSite\",\"@id\":\"https:\/\/ulfborg-fysio.dk\/#website\",\"url\":\"https:\/\/ulfborg-fysio.dk\/\",\"name\":\"Ulfborg Klinik for Fysioterapi\",\"description\":\"\",\"potentialAction\":[{\"@type\":\"SearchAction\",\"target\":{\"@type\":\"EntryPoint\",\"urlTemplate\":\"https:\/\/ulfborg-fysio.dk\/?s={search_term_string}\"},\"query-input\":\"required name=search_term_string\"}],\"inLanguage\":\"da-DK\"},{\"@type\":\"WebPage\",\"@id\":\"https:\/\/ulfborg-fysio.dk\/?page_id=402#webpage\",\"url\":\"https:\/\/ulfborg-fysio.dk\/?page_id=402\",\"name\":\"Persondatapolitik - Ulfborg Klinik for Fysioterapi\",\"isPartOf\":{\"@id\":\"https:\/\/ulfborg-fysio.dk\/#website\"},\"datePublished\":\"2018-06-08T10:33:46+00:00\",\"dateModified\":\"2018-06-08T10:33:46+00:00\",\"breadcrumb\":{\"@id\":\"https:\/\/ulfborg-fysio.dk\/?page_id=402#breadcrumb\"},\"inLanguage\":\"da-DK\",\"potentialAction\":[{\"@type\":\"ReadAction\",\"target\":[\"https:\/\/ulfborg-fysio.dk\/?page_id=402\"]}]},{\"@type\":\"BreadcrumbList\",\"@id\":\"https:\/\/ulfborg-fysio.dk\/?page_id=402#breadcrumb\",\"itemListElement\":[{\"@type\":\"ListItem\",\"position\":1,\"name\":\"Hjem\",\"item\":\"https:\/\/ulfborg-fysio.dk\/\"},{\"@type\":\"ListItem\",\"position\":2,\"name\":\"Persondatapolitik\"}]}]}<\/script>\n<!-- \/ Yoast SEO plugin. -->","yoast_head_json":{"robots":{"index":"index","follow":"follow","max-snippet":"max-snippet:-1","max-image-preview":"max-image-preview:large","max-video-preview":"max-video-preview:-1"},"canonical":"https:\/\/ulfborg-fysio.dk\/?page_id=402","og_locale":"da_DK","og_type":"article","og_title":"Persondatapolitik - Ulfborg Klinik for Fysioterapi","og_description":"PERSONDATAPOLITIK FOR PATIENTBEHANDLING VED ULFBORG KLINIK FOR FYSIOTERAPI V\/LENE DYBDAL Velkommen som patient p\u00e5 Ulfborg Klinik For Fysioterapi,Holmegade 35, 6990 Ulfborg, mail : info@ulfborg-fysio.dk. I forbindelse med dine behandlinger her p\u00e5 klinikken er det n\u00f8dvendigt, at vi noterer og behandler oplysninger om dig. 1. Hvilke oplysninger behandler vi? I forbindelse med din behandling p\u00e5 klinikken [&hellip;]","og_url":"https:\/\/ulfborg-fysio.dk\/?page_id=402","og_site_name":"Ulfborg Klinik for Fysioterapi","twitter_card":"summary","twitter_misc":{"Estimeret l\u00e6setid":"3 minutter"},"schema":{"@context":"https:\/\/schema.org","@graph":[{"@type":"WebSite","@id":"https:\/\/ulfborg-fysio.dk\/#website","url":"https:\/\/ulfborg-fysio.dk\/","name":"Ulfborg Klinik for Fysioterapi","description":"","potentialAction":[{"@type":"SearchAction","target":{"@type":"EntryPoint","urlTemplate":"https:\/\/ulfborg-fysio.dk\/?s={search_term_string}"},"query-input":"required name=search_term_string"}],"inLanguage":"da-DK"},{"@type":"WebPage","@id":"https:\/\/ulfborg-fysio.dk\/?page_id=402#webpage","url":"https:\/\/ulfborg-fysio.dk\/?page_id=402","name":"Persondatapolitik - Ulfborg Klinik for Fysioterapi","isPartOf":{"@id":"https:\/\/ulfborg-fysio.dk\/#website"},"datePublished":"2018-06-08T10:33:46+00:00","dateModified":"2018-06-08T10:33:46+00:00","breadcrumb":{"@id":"https:\/\/ulfborg-fysio.dk\/?page_id=402#breadcrumb"},"inLanguage":"da-DK","potentialAction":[{"@type":"ReadAction","target":["https:\/\/ulfborg-fysio.dk\/?page_id=402"]}]},{"@type":"BreadcrumbList","@id":"https:\/\/ulfborg-fysio.dk\/?page_id=402#breadcrumb","itemListElement":[{"@type":"ListItem","position":1,"name":"Hjem","item":"https:\/\/ulfborg-fysio.dk\/"},{"@type":"ListItem","position":2,"name":"Persondatapolitik"}]}]}},"_links":{"self":[{"href":"https:\/\/ulfborg-fysio.dk\/index.php?rest_route=\/wp\/v2\/pages\/402"}],"collection":[{"href":"https:\/\/ulfborg-fysio.dk\/index.php?rest_route=\/wp\/v2\/pages"}],"about":[{"href":"https:\/\/ulfborg-fysio.dk\/index.php?rest_route=\/wp\/v2\/types\/page"}],"author":[{"embeddable":true,"href":"https:\/\/ulfborg-fysio.dk\/index.php?rest_route=\/wp\/v2\/users\/1"}],"replies":[{"embeddable":true,"href":"https:\/\/ulfborg-fysio.dk\/index.php?rest_route=%2Fwp%2Fv2%2Fcomments&post=402"}],"version-history":[{"count":1,"href":"https:\/\/ulfborg-fysio.dk\/index.php?rest_route=\/wp\/v2\/pages\/402\/revisions"}],"predecessor-version":[{"id":404,"href":"https:\/\/ulfborg-fysio.dk\/index.php?rest_route=\/wp\/v2\/pages\/402\/revisions\/404"}],"wp:attachment":[{"href":"https:\/\/ulfborg-fysio.dk\/index.php?rest_route=%2Fwp%2Fv2%2Fmedia&parent=402"}],"curies":[{"name":"wp","href":"https:\/\/api.w.org\/{rel}","templated":true}]}}