{"id":311,"date":"2016-01-11T19:54:33","date_gmt":"2016-01-11T19:54:33","guid":{"rendered":"http:\/\/ulfborg-fysio.dk\/?page_id=311"},"modified":"2023-03-08T12:36:30","modified_gmt":"2023-03-08T12:36:30","slug":"bassintraening","status":"publish","type":"page","link":"https:\/\/ulfborg-fysio.dk\/?page_id=311","title":{"rendered":"Bassintr\u00e6ning"},"content":{"rendered":"<p><a href=\"http:\/\/ulfborg-fysio.dk\/wp-content\/uploads\/2023\/03\/333218855_539899444677338_231775175732282210_n-1.jpg\"><img loading=\"lazy\" class=\"aligncenter wp-image-596 size-full\" src=\"http:\/\/ulfborg-fysio.dk\/wp-content\/uploads\/2023\/03\/333218855_539899444677338_231775175732282210_n-1.jpg\" alt=\"\" width=\"1125\" height=\"750\" srcset=\"https:\/\/ulfborg-fysio.dk\/wp-content\/uploads\/2023\/03\/333218855_539899444677338_231775175732282210_n-1.jpg 1125w, https:\/\/ulfborg-fysio.dk\/wp-content\/uploads\/2023\/03\/333218855_539899444677338_231775175732282210_n-1-300x200.jpg 300w, https:\/\/ulfborg-fysio.dk\/wp-content\/uploads\/2023\/03\/333218855_539899444677338_231775175732282210_n-1-1024x683.jpg 1024w, https:\/\/ulfborg-fysio.dk\/wp-content\/uploads\/2023\/03\/333218855_539899444677338_231775175732282210_n-1-768x512.jpg 768w\" sizes=\"(max-width: 1125px) 100vw, 1125px\" \/><\/a><\/p>\n<p>&nbsp;<\/p>\n<h1>Kom til tr\u00e6ning i varmt vand!<\/h1>\n<p>Tr\u00e6ningen er for dig med smerte, nedsat&nbsp;bev\u00e6gelighed, eller for dig, der blot \u00f8nsker&nbsp;en rolig og blid, dog effektiv form for&nbsp;tr\u00e6ning.<\/p>\n<p>Du vil blive guidet igennem \u00f8velser&nbsp;med fokus p\u00e5 styrke, stabilitet, bev\u00e6gelighed&nbsp;og blid kondition.<\/p>\n<p>\u00d8velserne afvikles i Ulfborg Sv\u00f8mmehal (Vestjydsk Fritidscenter).<\/p>\n<p><a href=\"http:\/\/ulfborg-fysio.dk\/?page_id=32\">Kontakt klinikken for praktiske oplysninger og tilmelding<\/a>.<\/p>\n<p>PS: Du beh\u00f8ver ikke kunne sv\u00f8mme for at deltage i bassintr\u00e6ning. \u00d8velserne&nbsp;foreg\u00e5r p\u00e5 lav vanddybde.<\/p>\n","protected":false},"excerpt":{"rendered":"<p>&nbsp; Kom til tr\u00e6ning i varmt vand! Tr\u00e6ningen er for dig med smerte, nedsat&nbsp;bev\u00e6gelighed, eller for dig, der blot \u00f8nsker&nbsp;en rolig og blid, dog effektiv form for&nbsp;tr\u00e6ning. Du vil blive guidet igennem \u00f8velser&nbsp;med fokus p\u00e5 styrke, stabilitet, bev\u00e6gelighed&nbsp;og blid kondition. \u00d8velserne afvikles i Ulfborg Sv\u00f8mmehal (Vestjydsk Fritidscenter). Kontakt klinikken for praktiske oplysninger og tilmelding. PS: [&hellip;]<\/p>\n","protected":false},"author":1,"featured_media":0,"parent":0,"menu_order":0,"comment_status":"closed","ping_status":"closed","template":"","meta":{"ngg_post_thumbnail":0},"yoast_head":"<!-- This site is optimized with the Yoast SEO plugin v16.9 - https:\/\/yoast.com\/wordpress\/plugins\/seo\/ -->\n<meta name=\"robots\" content=\"index, follow, max-snippet:-1, max-image-preview:large, max-video-preview:-1\" \/>\n<link rel=\"canonical\" href=\"https:\/\/ulfborg-fysio.dk\/?page_id=311\" \/>\n<meta property=\"og:locale\" content=\"da_DK\" \/>\n<meta property=\"og:type\" content=\"article\" \/>\n<meta property=\"og:title\" content=\"Bassintr\u00e6ning - Ulfborg Klinik for Fysioterapi\" \/>\n<meta property=\"og:description\" content=\"&nbsp; Kom til tr\u00e6ning i varmt vand! Tr\u00e6ningen er for dig med smerte, nedsat&nbsp;bev\u00e6gelighed, eller for dig, der blot \u00f8nsker&nbsp;en rolig og blid, dog effektiv form for&nbsp;tr\u00e6ning. Du vil blive guidet igennem \u00f8velser&nbsp;med fokus p\u00e5 styrke, stabilitet, bev\u00e6gelighed&nbsp;og blid kondition. \u00d8velserne afvikles i Ulfborg Sv\u00f8mmehal (Vestjydsk Fritidscenter). Kontakt klinikken for praktiske oplysninger og tilmelding. PS: [&hellip;]\" \/>\n<meta property=\"og:url\" content=\"https:\/\/ulfborg-fysio.dk\/?page_id=311\" \/>\n<meta property=\"og:site_name\" content=\"Ulfborg Klinik for Fysioterapi\" \/>\n<meta property=\"article:modified_time\" content=\"2023-03-08T12:36:30+00:00\" \/>\n<meta property=\"og:image\" content=\"http:\/\/ulfborg-fysio.dk\/wp-content\/uploads\/2023\/03\/333218855_539899444677338_231775175732282210_n-1.jpg\" \/>\n<meta name=\"twitter:card\" content=\"summary\" \/>\n<meta name=\"twitter:label1\" content=\"Estimeret l\u00e6setid\" \/>\n\t<meta name=\"twitter:data1\" content=\"1 minut\" \/>\n<script type=\"application\/ld+json\" class=\"yoast-schema-graph\">{\"@context\":\"https:\/\/schema.org\",\"@graph\":[{\"@type\":\"WebSite\",\"@id\":\"https:\/\/ulfborg-fysio.dk\/#website\",\"url\":\"https:\/\/ulfborg-fysio.dk\/\",\"name\":\"Ulfborg Klinik for Fysioterapi\",\"description\":\"\",\"potentialAction\":[{\"@type\":\"SearchAction\",\"target\":{\"@type\":\"EntryPoint\",\"urlTemplate\":\"https:\/\/ulfborg-fysio.dk\/?s={search_term_string}\"},\"query-input\":\"required name=search_term_string\"}],\"inLanguage\":\"da-DK\"},{\"@type\":\"ImageObject\",\"@id\":\"https:\/\/ulfborg-fysio.dk\/?page_id=311#primaryimage\",\"inLanguage\":\"da-DK\",\"url\":\"http:\/\/ulfborg-fysio.dk\/wp-content\/uploads\/2023\/03\/333218855_539899444677338_231775175732282210_n-1.jpg\",\"contentUrl\":\"http:\/\/ulfborg-fysio.dk\/wp-content\/uploads\/2023\/03\/333218855_539899444677338_231775175732282210_n-1.jpg\"},{\"@type\":\"WebPage\",\"@id\":\"https:\/\/ulfborg-fysio.dk\/?page_id=311#webpage\",\"url\":\"https:\/\/ulfborg-fysio.dk\/?page_id=311\",\"name\":\"Bassintr\\u00e6ning - Ulfborg Klinik for Fysioterapi\",\"isPartOf\":{\"@id\":\"https:\/\/ulfborg-fysio.dk\/#website\"},\"primaryImageOfPage\":{\"@id\":\"https:\/\/ulfborg-fysio.dk\/?page_id=311#primaryimage\"},\"datePublished\":\"2016-01-11T19:54:33+00:00\",\"dateModified\":\"2023-03-08T12:36:30+00:00\",\"breadcrumb\":{\"@id\":\"https:\/\/ulfborg-fysio.dk\/?page_id=311#breadcrumb\"},\"inLanguage\":\"da-DK\",\"potentialAction\":[{\"@type\":\"ReadAction\",\"target\":[\"https:\/\/ulfborg-fysio.dk\/?page_id=311\"]}]},{\"@type\":\"BreadcrumbList\",\"@id\":\"https:\/\/ulfborg-fysio.dk\/?page_id=311#breadcrumb\",\"itemListElement\":[{\"@type\":\"ListItem\",\"position\":1,\"name\":\"Hjem\",\"item\":\"https:\/\/ulfborg-fysio.dk\/\"},{\"@type\":\"ListItem\",\"position\":2,\"name\":\"Bassintr\\u00e6ning\"}]}]}<\/script>\n<!-- \/ Yoast SEO plugin. -->","yoast_head_json":{"robots":{"index":"index","follow":"follow","max-snippet":"max-snippet:-1","max-image-preview":"max-image-preview:large","max-video-preview":"max-video-preview:-1"},"canonical":"https:\/\/ulfborg-fysio.dk\/?page_id=311","og_locale":"da_DK","og_type":"article","og_title":"Bassintr\u00e6ning - Ulfborg Klinik for Fysioterapi","og_description":"&nbsp; Kom til tr\u00e6ning i varmt vand! Tr\u00e6ningen er for dig med smerte, nedsat&nbsp;bev\u00e6gelighed, eller for dig, der blot \u00f8nsker&nbsp;en rolig og blid, dog effektiv form for&nbsp;tr\u00e6ning. Du vil blive guidet igennem \u00f8velser&nbsp;med fokus p\u00e5 styrke, stabilitet, bev\u00e6gelighed&nbsp;og blid kondition. \u00d8velserne afvikles i Ulfborg Sv\u00f8mmehal (Vestjydsk Fritidscenter). Kontakt klinikken for praktiske oplysninger og tilmelding. PS: [&hellip;]","og_url":"https:\/\/ulfborg-fysio.dk\/?page_id=311","og_site_name":"Ulfborg Klinik for Fysioterapi","article_modified_time":"2023-03-08T12:36:30+00:00","og_image":[{"url":"http:\/\/ulfborg-fysio.dk\/wp-content\/uploads\/2023\/03\/333218855_539899444677338_231775175732282210_n-1.jpg"}],"twitter_card":"summary","twitter_misc":{"Estimeret l\u00e6setid":"1 minut"},"schema":{"@context":"https:\/\/schema.org","@graph":[{"@type":"WebSite","@id":"https:\/\/ulfborg-fysio.dk\/#website","url":"https:\/\/ulfborg-fysio.dk\/","name":"Ulfborg Klinik for Fysioterapi","description":"","potentialAction":[{"@type":"SearchAction","target":{"@type":"EntryPoint","urlTemplate":"https:\/\/ulfborg-fysio.dk\/?s={search_term_string}"},"query-input":"required name=search_term_string"}],"inLanguage":"da-DK"},{"@type":"ImageObject","@id":"https:\/\/ulfborg-fysio.dk\/?page_id=311#primaryimage","inLanguage":"da-DK","url":"http:\/\/ulfborg-fysio.dk\/wp-content\/uploads\/2023\/03\/333218855_539899444677338_231775175732282210_n-1.jpg","contentUrl":"http:\/\/ulfborg-fysio.dk\/wp-content\/uploads\/2023\/03\/333218855_539899444677338_231775175732282210_n-1.jpg"},{"@type":"WebPage","@id":"https:\/\/ulfborg-fysio.dk\/?page_id=311#webpage","url":"https:\/\/ulfborg-fysio.dk\/?page_id=311","name":"Bassintr\u00e6ning - Ulfborg Klinik for Fysioterapi","isPartOf":{"@id":"https:\/\/ulfborg-fysio.dk\/#website"},"primaryImageOfPage":{"@id":"https:\/\/ulfborg-fysio.dk\/?page_id=311#primaryimage"},"datePublished":"2016-01-11T19:54:33+00:00","dateModified":"2023-03-08T12:36:30+00:00","breadcrumb":{"@id":"https:\/\/ulfborg-fysio.dk\/?page_id=311#breadcrumb"},"inLanguage":"da-DK","potentialAction":[{"@type":"ReadAction","target":["https:\/\/ulfborg-fysio.dk\/?page_id=311"]}]},{"@type":"BreadcrumbList","@id":"https:\/\/ulfborg-fysio.dk\/?page_id=311#breadcrumb","itemListElement":[{"@type":"ListItem","position":1,"name":"Hjem","item":"https:\/\/ulfborg-fysio.dk\/"},{"@type":"ListItem","position":2,"name":"Bassintr\u00e6ning"}]}]}},"_links":{"self":[{"href":"https:\/\/ulfborg-fysio.dk\/index.php?rest_route=\/wp\/v2\/pages\/311"}],"collection":[{"href":"https:\/\/ulfborg-fysio.dk\/index.php?rest_route=\/wp\/v2\/pages"}],"about":[{"href":"https:\/\/ulfborg-fysio.dk\/index.php?rest_route=\/wp\/v2\/types\/page"}],"author":[{"embeddable":true,"href":"https:\/\/ulfborg-fysio.dk\/index.php?rest_route=\/wp\/v2\/users\/1"}],"replies":[{"embeddable":true,"href":"https:\/\/ulfborg-fysio.dk\/index.php?rest_route=%2Fwp%2Fv2%2Fcomments&post=311"}],"version-history":[{"count":4,"href":"https:\/\/ulfborg-fysio.dk\/index.php?rest_route=\/wp\/v2\/pages\/311\/revisions"}],"predecessor-version":[{"id":597,"href":"https:\/\/ulfborg-fysio.dk\/index.php?rest_route=\/wp\/v2\/pages\/311\/revisions\/597"}],"wp:attachment":[{"href":"https:\/\/ulfborg-fysio.dk\/index.php?rest_route=%2Fwp%2Fv2%2Fmedia&parent=311"}],"curies":[{"name":"wp","href":"https:\/\/api.w.org\/{rel}","templated":true}]}}