{"id":163,"date":"2015-03-01T11:01:40","date_gmt":"2015-03-01T11:01:40","guid":{"rendered":"http:\/\/ulfborg-fysio.dk\/?page_id=163"},"modified":"2025-08-27T19:29:40","modified_gmt":"2025-08-27T19:29:40","slug":"akupunktur","status":"publish","type":"page","link":"https:\/\/ulfborg-fysio.dk\/?page_id=163","title":{"rendered":"Akupunktur"},"content":{"rendered":"<p>En del patienter er plaget af smerter f. eks. hovedpine og uspecifikke smerter i nakke, skuldre og ryg. Mange af dem f\u00e5r behandling med massage, men her vil akupunktur ofte kunne v\u00e6re et supplement i behandlingen.<\/p>\n<p>Akupunktur kommer ikke til helt at st\u00e5 alene i behandlingen, som oftest suppleres med anden form for fysioterapi.<\/p>\n<p><a href=\"http:\/\/ulfborg-fysio.dk\/wp-content\/uploads\/2025\/08\/Ulfborg-fysio_11.jpg\"><img loading=\"lazy\" class=\"alignright wp-image-652 size-large\" src=\"http:\/\/ulfborg-fysio.dk\/wp-content\/uploads\/2025\/08\/Ulfborg-fysio_11-1024x682.jpg\" alt=\"\" width=\"640\" height=\"426\" srcset=\"https:\/\/ulfborg-fysio.dk\/wp-content\/uploads\/2025\/08\/Ulfborg-fysio_11-1024x682.jpg 1024w, https:\/\/ulfborg-fysio.dk\/wp-content\/uploads\/2025\/08\/Ulfborg-fysio_11-300x200.jpg 300w, https:\/\/ulfborg-fysio.dk\/wp-content\/uploads\/2025\/08\/Ulfborg-fysio_11-768x512.jpg 768w, https:\/\/ulfborg-fysio.dk\/wp-content\/uploads\/2025\/08\/Ulfborg-fysio_11-1536x1024.jpg 1536w, https:\/\/ulfborg-fysio.dk\/wp-content\/uploads\/2025\/08\/Ulfborg-fysio_11-2048x1365.jpg 2048w\" sizes=\"(max-width: 640px) 100vw, 640px\" \/><\/a><\/p>\n<p>Vi er uddannet til at unders\u00f8ge patienterne grundigt, s\u00e5 vi kan udelukke mere alvorlige lidelser. Vi vil naturligvis ogs\u00e5 give gode r\u00e5d om fornuftige arbejdsstillinger og forebyggende tr\u00e6ning. Men nogle patienter vil fortsat have smerter, og s\u00e5 kan det v\u00e6re relevant at pr\u00f8ve akupunktur.<\/p>\n<p>Akupunkturn\u00e5lene er meget tynde \u2013 tyndere end en kanyle \u2013 s\u00e5 det g\u00f8r ikke ondt at f\u00e5 sat n\u00e5lene i.<\/p>\n<p>Men p\u00e5 samme m\u00e5de, som man godt kan v\u00e6re \u00f8m efter en h\u00e5rd og dyb massage, s\u00e5 kan man godt blive lidt \u00f8m i det omr\u00e5de, hvor man har f\u00e5et akupunktur. Det skyldes, at n\u00e5len rammer nogle \u2018trigger-punkter\u2019, som \u00f8ger blodcirkulationen i det \u00f8mme omr\u00e5de \u2013 pr\u00e6cis som massage ville have gjort. Det kan godt g\u00f8re lidt ondt her og nu, men i det lange l\u00f8b, s\u00e5 bliver det bedre.<\/p>\n<p>Hvis man \u00f8nsker behandling med akupunktur, er det muligt at henvende sig uden henvisning fra l\u00e6gen.<\/p>\n","protected":false},"excerpt":{"rendered":"<p>En del patienter er plaget af smerter f. eks. hovedpine og uspecifikke smerter i nakke, skuldre og ryg. Mange af dem f\u00e5r behandling med massage, men her vil akupunktur ofte kunne v\u00e6re et supplement i behandlingen. Akupunktur kommer ikke til helt at st\u00e5 alene i behandlingen, som oftest suppleres med anden form for fysioterapi. Vi [&hellip;]<\/p>\n","protected":false},"author":1,"featured_media":652,"parent":133,"menu_order":0,"comment_status":"closed","ping_status":"closed","template":"","meta":{"ngg_post_thumbnail":0},"yoast_head":"<!-- This site is optimized with the Yoast SEO plugin v16.9 - https:\/\/yoast.com\/wordpress\/plugins\/seo\/ -->\n<meta name=\"robots\" content=\"index, follow, max-snippet:-1, max-image-preview:large, max-video-preview:-1\" \/>\n<link rel=\"canonical\" href=\"https:\/\/ulfborg-fysio.dk\/?page_id=163\" \/>\n<meta property=\"og:locale\" content=\"da_DK\" \/>\n<meta property=\"og:type\" content=\"article\" \/>\n<meta property=\"og:title\" content=\"Akupunktur - Ulfborg Klinik for Fysioterapi\" \/>\n<meta property=\"og:description\" content=\"En del patienter er plaget af smerter f. eks. hovedpine og uspecifikke smerter i nakke, skuldre og ryg. Mange af dem f\u00e5r behandling med massage, men her vil akupunktur ofte kunne v\u00e6re et supplement i behandlingen. Akupunktur kommer ikke til helt at st\u00e5 alene i behandlingen, som oftest suppleres med anden form for fysioterapi. Vi [&hellip;]\" \/>\n<meta property=\"og:url\" content=\"https:\/\/ulfborg-fysio.dk\/?page_id=163\" \/>\n<meta property=\"og:site_name\" content=\"Ulfborg Klinik for Fysioterapi\" \/>\n<meta property=\"article:modified_time\" content=\"2025-08-27T19:29:40+00:00\" \/>\n<meta property=\"og:image\" content=\"http:\/\/ulfborg-fysio.dk\/wp-content\/uploads\/2025\/08\/Ulfborg-fysio_11.jpg\" \/>\n\t<meta property=\"og:image:width\" content=\"2500\" \/>\n\t<meta property=\"og:image:height\" content=\"1666\" \/>\n<meta name=\"twitter:card\" content=\"summary\" \/>\n<meta name=\"twitter:label1\" content=\"Estimeret l\u00e6setid\" \/>\n\t<meta name=\"twitter:data1\" content=\"2 minutter\" \/>\n<script type=\"application\/ld+json\" class=\"yoast-schema-graph\">{\"@context\":\"https:\/\/schema.org\",\"@graph\":[{\"@type\":\"WebSite\",\"@id\":\"https:\/\/ulfborg-fysio.dk\/#website\",\"url\":\"https:\/\/ulfborg-fysio.dk\/\",\"name\":\"Ulfborg Klinik for Fysioterapi\",\"description\":\"\",\"potentialAction\":[{\"@type\":\"SearchAction\",\"target\":{\"@type\":\"EntryPoint\",\"urlTemplate\":\"https:\/\/ulfborg-fysio.dk\/?s={search_term_string}\"},\"query-input\":\"required name=search_term_string\"}],\"inLanguage\":\"da-DK\"},{\"@type\":\"ImageObject\",\"@id\":\"https:\/\/ulfborg-fysio.dk\/?page_id=163#primaryimage\",\"inLanguage\":\"da-DK\",\"url\":\"https:\/\/ulfborg-fysio.dk\/wp-content\/uploads\/2025\/08\/Ulfborg-fysio_11.jpg\",\"contentUrl\":\"https:\/\/ulfborg-fysio.dk\/wp-content\/uploads\/2025\/08\/Ulfborg-fysio_11.jpg\",\"width\":2500,\"height\":1666,\"caption\":\"Ulfborg Klinik for Fysioterapi\"},{\"@type\":\"WebPage\",\"@id\":\"https:\/\/ulfborg-fysio.dk\/?page_id=163#webpage\",\"url\":\"https:\/\/ulfborg-fysio.dk\/?page_id=163\",\"name\":\"Akupunktur - Ulfborg Klinik for Fysioterapi\",\"isPartOf\":{\"@id\":\"https:\/\/ulfborg-fysio.dk\/#website\"},\"primaryImageOfPage\":{\"@id\":\"https:\/\/ulfborg-fysio.dk\/?page_id=163#primaryimage\"},\"datePublished\":\"2015-03-01T11:01:40+00:00\",\"dateModified\":\"2025-08-27T19:29:40+00:00\",\"breadcrumb\":{\"@id\":\"https:\/\/ulfborg-fysio.dk\/?page_id=163#breadcrumb\"},\"inLanguage\":\"da-DK\",\"potentialAction\":[{\"@type\":\"ReadAction\",\"target\":[\"https:\/\/ulfborg-fysio.dk\/?page_id=163\"]}]},{\"@type\":\"BreadcrumbList\",\"@id\":\"https:\/\/ulfborg-fysio.dk\/?page_id=163#breadcrumb\",\"itemListElement\":[{\"@type\":\"ListItem\",\"position\":1,\"name\":\"Hjem\",\"item\":\"https:\/\/ulfborg-fysio.dk\/\"},{\"@type\":\"ListItem\",\"position\":2,\"name\":\"Behandlingskoncept\",\"item\":\"https:\/\/ulfborg-fysio.dk\/?page_id=133\"},{\"@type\":\"ListItem\",\"position\":3,\"name\":\"Akupunktur\"}]}]}<\/script>\n<!-- \/ Yoast SEO plugin. -->","yoast_head_json":{"robots":{"index":"index","follow":"follow","max-snippet":"max-snippet:-1","max-image-preview":"max-image-preview:large","max-video-preview":"max-video-preview:-1"},"canonical":"https:\/\/ulfborg-fysio.dk\/?page_id=163","og_locale":"da_DK","og_type":"article","og_title":"Akupunktur - Ulfborg Klinik for Fysioterapi","og_description":"En del patienter er plaget af smerter f. eks. hovedpine og uspecifikke smerter i nakke, skuldre og ryg. Mange af dem f\u00e5r behandling med massage, men her vil akupunktur ofte kunne v\u00e6re et supplement i behandlingen. Akupunktur kommer ikke til helt at st\u00e5 alene i behandlingen, som oftest suppleres med anden form for fysioterapi. Vi [&hellip;]","og_url":"https:\/\/ulfborg-fysio.dk\/?page_id=163","og_site_name":"Ulfborg Klinik for Fysioterapi","article_modified_time":"2025-08-27T19:29:40+00:00","og_image":[{"width":2500,"height":1666,"url":"http:\/\/ulfborg-fysio.dk\/wp-content\/uploads\/2025\/08\/Ulfborg-fysio_11.jpg","path":"\/var\/www\/vhosts\/ulfborg-fysio.dk\/httpdocs\/wp-content\/uploads\/2025\/08\/Ulfborg-fysio_11.jpg","size":"full","id":652,"alt":"","pixels":4165000,"type":"image\/jpeg"}],"twitter_card":"summary","twitter_misc":{"Estimeret l\u00e6setid":"2 minutter"},"schema":{"@context":"https:\/\/schema.org","@graph":[{"@type":"WebSite","@id":"https:\/\/ulfborg-fysio.dk\/#website","url":"https:\/\/ulfborg-fysio.dk\/","name":"Ulfborg Klinik for Fysioterapi","description":"","potentialAction":[{"@type":"SearchAction","target":{"@type":"EntryPoint","urlTemplate":"https:\/\/ulfborg-fysio.dk\/?s={search_term_string}"},"query-input":"required name=search_term_string"}],"inLanguage":"da-DK"},{"@type":"ImageObject","@id":"https:\/\/ulfborg-fysio.dk\/?page_id=163#primaryimage","inLanguage":"da-DK","url":"https:\/\/ulfborg-fysio.dk\/wp-content\/uploads\/2025\/08\/Ulfborg-fysio_11.jpg","contentUrl":"https:\/\/ulfborg-fysio.dk\/wp-content\/uploads\/2025\/08\/Ulfborg-fysio_11.jpg","width":2500,"height":1666,"caption":"Ulfborg Klinik for Fysioterapi"},{"@type":"WebPage","@id":"https:\/\/ulfborg-fysio.dk\/?page_id=163#webpage","url":"https:\/\/ulfborg-fysio.dk\/?page_id=163","name":"Akupunktur - Ulfborg Klinik for Fysioterapi","isPartOf":{"@id":"https:\/\/ulfborg-fysio.dk\/#website"},"primaryImageOfPage":{"@id":"https:\/\/ulfborg-fysio.dk\/?page_id=163#primaryimage"},"datePublished":"2015-03-01T11:01:40+00:00","dateModified":"2025-08-27T19:29:40+00:00","breadcrumb":{"@id":"https:\/\/ulfborg-fysio.dk\/?page_id=163#breadcrumb"},"inLanguage":"da-DK","potentialAction":[{"@type":"ReadAction","target":["https:\/\/ulfborg-fysio.dk\/?page_id=163"]}]},{"@type":"BreadcrumbList","@id":"https:\/\/ulfborg-fysio.dk\/?page_id=163#breadcrumb","itemListElement":[{"@type":"ListItem","position":1,"name":"Hjem","item":"https:\/\/ulfborg-fysio.dk\/"},{"@type":"ListItem","position":2,"name":"Behandlingskoncept","item":"https:\/\/ulfborg-fysio.dk\/?page_id=133"},{"@type":"ListItem","position":3,"name":"Akupunktur"}]}]}},"_links":{"self":[{"href":"https:\/\/ulfborg-fysio.dk\/index.php?rest_route=\/wp\/v2\/pages\/163"}],"collection":[{"href":"https:\/\/ulfborg-fysio.dk\/index.php?rest_route=\/wp\/v2\/pages"}],"about":[{"href":"https:\/\/ulfborg-fysio.dk\/index.php?rest_route=\/wp\/v2\/types\/page"}],"author":[{"embeddable":true,"href":"https:\/\/ulfborg-fysio.dk\/index.php?rest_route=\/wp\/v2\/users\/1"}],"replies":[{"embeddable":true,"href":"https:\/\/ulfborg-fysio.dk\/index.php?rest_route=%2Fwp%2Fv2%2Fcomments&post=163"}],"version-history":[{"count":6,"href":"https:\/\/ulfborg-fysio.dk\/index.php?rest_route=\/wp\/v2\/pages\/163\/revisions"}],"predecessor-version":[{"id":656,"href":"https:\/\/ulfborg-fysio.dk\/index.php?rest_route=\/wp\/v2\/pages\/163\/revisions\/656"}],"up":[{"embeddable":true,"href":"https:\/\/ulfborg-fysio.dk\/index.php?rest_route=\/wp\/v2\/pages\/133"}],"wp:featuredmedia":[{"embeddable":true,"href":"https:\/\/ulfborg-fysio.dk\/index.php?rest_route=\/wp\/v2\/media\/652"}],"wp:attachment":[{"href":"https:\/\/ulfborg-fysio.dk\/index.php?rest_route=%2Fwp%2Fv2%2Fmedia&parent=163"}],"curies":[{"name":"wp","href":"https:\/\/api.w.org\/{rel}","templated":true}]}}