{"id":154,"date":"2015-03-01T10:58:17","date_gmt":"2015-03-01T10:58:17","guid":{"rendered":"http:\/\/ulfborg-fysio.dk\/?page_id=154"},"modified":"2025-03-23T09:32:52","modified_gmt":"2025-03-23T09:32:52","slug":"den-motiverende-rygskole","status":"publish","type":"page","link":"https:\/\/ulfborg-fysio.dk\/?page_id=154","title":{"rendered":"Rygtr\u00e6ning p\u00e5 hold"},"content":{"rendered":"<p>Rygtr\u00e6ning foreg\u00e5r ofte i hold p\u00e5 6-10 deltagere.<\/p>\n<p>N\u00e5r man har en bedre forst\u00e5else af, hvad der sker inde i kroppen, n\u00e5r det g\u00f8r ondt i ryggen, er det ogs\u00e5 nemmere at g\u00f8re noget ved det. Nogle deltagere vil kunne undg\u00e5 smerter, og andre med mere alvorlige rygproblemer kan opn\u00e5 at f\u00e5 f\u00e6rre smerter og dermed et bedre funktionsniveau, n\u00e5r de har gennemf\u00f8rt et ryg-tr\u00e6ningsforl\u00f8b. Tr\u00e6ningen best\u00e5r prim\u00e6rt af styrketr\u00e6ning og stabilitetstr\u00e6ning.&nbsp;<\/p>\n<p>P\u00e5 rygholdene er deltagerne i samme b\u00e5d. Det f\u00f8les trygt at tr\u00e6ne sammen med nogen p\u00e5 samme niveau, og det er meget v\u00e6rdifuldt for deltagerne at kunne udveksle viden og erfaringer. Og s\u00e5 er det jo ogs\u00e5 sjovere at tr\u00e6ne sammen. \u201dVi bliver ikke mere forpustet, end at vi stadig har luft til at grine\u201d, udtaler patienterne.<\/p>\n<p>Tr\u00e6ning foreg\u00e5r p\u00e5 klinikken. Kontakt klinikken og sp\u00f8rg sekret\u00e6ren om tider og priser.<\/p>\n\n\n<p><\/p>\n","protected":false},"excerpt":{"rendered":"<p>Rygtr\u00e6ning foreg\u00e5r ofte i hold p\u00e5 6-10 deltagere. N\u00e5r man har en bedre forst\u00e5else af, hvad der sker inde i kroppen, n\u00e5r det g\u00f8r ondt i ryggen, er det ogs\u00e5 nemmere at g\u00f8re noget ved det. Nogle deltagere vil kunne undg\u00e5 smerter, og andre med mere alvorlige rygproblemer kan opn\u00e5 at f\u00e5 f\u00e6rre smerter og [&hellip;]<\/p>\n","protected":false},"author":1,"featured_media":0,"parent":133,"menu_order":0,"comment_status":"closed","ping_status":"closed","template":"","meta":{"ngg_post_thumbnail":0},"yoast_head":"<!-- This site is optimized with the Yoast SEO plugin v16.9 - https:\/\/yoast.com\/wordpress\/plugins\/seo\/ -->\n<meta name=\"robots\" content=\"index, follow, max-snippet:-1, max-image-preview:large, max-video-preview:-1\" \/>\n<link rel=\"canonical\" href=\"https:\/\/ulfborg-fysio.dk\/?page_id=154\" \/>\n<meta property=\"og:locale\" content=\"da_DK\" \/>\n<meta property=\"og:type\" content=\"article\" \/>\n<meta property=\"og:title\" content=\"Rygtr\u00e6ning p\u00e5 hold - Ulfborg Klinik for Fysioterapi\" \/>\n<meta property=\"og:description\" content=\"Rygtr\u00e6ning foreg\u00e5r ofte i hold p\u00e5 6-10 deltagere. N\u00e5r man har en bedre forst\u00e5else af, hvad der sker inde i kroppen, n\u00e5r det g\u00f8r ondt i ryggen, er det ogs\u00e5 nemmere at g\u00f8re noget ved det. Nogle deltagere vil kunne undg\u00e5 smerter, og andre med mere alvorlige rygproblemer kan opn\u00e5 at f\u00e5 f\u00e6rre smerter og [&hellip;]\" \/>\n<meta property=\"og:url\" content=\"https:\/\/ulfborg-fysio.dk\/?page_id=154\" \/>\n<meta property=\"og:site_name\" content=\"Ulfborg Klinik for Fysioterapi\" \/>\n<meta property=\"article:modified_time\" content=\"2025-03-23T09:32:52+00:00\" \/>\n<meta name=\"twitter:card\" content=\"summary\" \/>\n<meta name=\"twitter:label1\" content=\"Estimeret l\u00e6setid\" \/>\n\t<meta name=\"twitter:data1\" content=\"1 minut\" \/>\n<script type=\"application\/ld+json\" class=\"yoast-schema-graph\">{\"@context\":\"https:\/\/schema.org\",\"@graph\":[{\"@type\":\"WebSite\",\"@id\":\"https:\/\/ulfborg-fysio.dk\/#website\",\"url\":\"https:\/\/ulfborg-fysio.dk\/\",\"name\":\"Ulfborg Klinik for Fysioterapi\",\"description\":\"\",\"potentialAction\":[{\"@type\":\"SearchAction\",\"target\":{\"@type\":\"EntryPoint\",\"urlTemplate\":\"https:\/\/ulfborg-fysio.dk\/?s={search_term_string}\"},\"query-input\":\"required name=search_term_string\"}],\"inLanguage\":\"da-DK\"},{\"@type\":\"WebPage\",\"@id\":\"https:\/\/ulfborg-fysio.dk\/?page_id=154#webpage\",\"url\":\"https:\/\/ulfborg-fysio.dk\/?page_id=154\",\"name\":\"Rygtr\\u00e6ning p\\u00e5 hold - Ulfborg Klinik for Fysioterapi\",\"isPartOf\":{\"@id\":\"https:\/\/ulfborg-fysio.dk\/#website\"},\"datePublished\":\"2015-03-01T10:58:17+00:00\",\"dateModified\":\"2025-03-23T09:32:52+00:00\",\"breadcrumb\":{\"@id\":\"https:\/\/ulfborg-fysio.dk\/?page_id=154#breadcrumb\"},\"inLanguage\":\"da-DK\",\"potentialAction\":[{\"@type\":\"ReadAction\",\"target\":[\"https:\/\/ulfborg-fysio.dk\/?page_id=154\"]}]},{\"@type\":\"BreadcrumbList\",\"@id\":\"https:\/\/ulfborg-fysio.dk\/?page_id=154#breadcrumb\",\"itemListElement\":[{\"@type\":\"ListItem\",\"position\":1,\"name\":\"Hjem\",\"item\":\"https:\/\/ulfborg-fysio.dk\/\"},{\"@type\":\"ListItem\",\"position\":2,\"name\":\"Behandlingskoncept\",\"item\":\"https:\/\/ulfborg-fysio.dk\/?page_id=133\"},{\"@type\":\"ListItem\",\"position\":3,\"name\":\"Rygtr\\u00e6ning p\\u00e5 hold\"}]}]}<\/script>\n<!-- \/ Yoast SEO plugin. -->","yoast_head_json":{"robots":{"index":"index","follow":"follow","max-snippet":"max-snippet:-1","max-image-preview":"max-image-preview:large","max-video-preview":"max-video-preview:-1"},"canonical":"https:\/\/ulfborg-fysio.dk\/?page_id=154","og_locale":"da_DK","og_type":"article","og_title":"Rygtr\u00e6ning p\u00e5 hold - Ulfborg Klinik for Fysioterapi","og_description":"Rygtr\u00e6ning foreg\u00e5r ofte i hold p\u00e5 6-10 deltagere. N\u00e5r man har en bedre forst\u00e5else af, hvad der sker inde i kroppen, n\u00e5r det g\u00f8r ondt i ryggen, er det ogs\u00e5 nemmere at g\u00f8re noget ved det. Nogle deltagere vil kunne undg\u00e5 smerter, og andre med mere alvorlige rygproblemer kan opn\u00e5 at f\u00e5 f\u00e6rre smerter og [&hellip;]","og_url":"https:\/\/ulfborg-fysio.dk\/?page_id=154","og_site_name":"Ulfborg Klinik for Fysioterapi","article_modified_time":"2025-03-23T09:32:52+00:00","twitter_card":"summary","twitter_misc":{"Estimeret l\u00e6setid":"1 minut"},"schema":{"@context":"https:\/\/schema.org","@graph":[{"@type":"WebSite","@id":"https:\/\/ulfborg-fysio.dk\/#website","url":"https:\/\/ulfborg-fysio.dk\/","name":"Ulfborg Klinik for Fysioterapi","description":"","potentialAction":[{"@type":"SearchAction","target":{"@type":"EntryPoint","urlTemplate":"https:\/\/ulfborg-fysio.dk\/?s={search_term_string}"},"query-input":"required name=search_term_string"}],"inLanguage":"da-DK"},{"@type":"WebPage","@id":"https:\/\/ulfborg-fysio.dk\/?page_id=154#webpage","url":"https:\/\/ulfborg-fysio.dk\/?page_id=154","name":"Rygtr\u00e6ning p\u00e5 hold - Ulfborg Klinik for Fysioterapi","isPartOf":{"@id":"https:\/\/ulfborg-fysio.dk\/#website"},"datePublished":"2015-03-01T10:58:17+00:00","dateModified":"2025-03-23T09:32:52+00:00","breadcrumb":{"@id":"https:\/\/ulfborg-fysio.dk\/?page_id=154#breadcrumb"},"inLanguage":"da-DK","potentialAction":[{"@type":"ReadAction","target":["https:\/\/ulfborg-fysio.dk\/?page_id=154"]}]},{"@type":"BreadcrumbList","@id":"https:\/\/ulfborg-fysio.dk\/?page_id=154#breadcrumb","itemListElement":[{"@type":"ListItem","position":1,"name":"Hjem","item":"https:\/\/ulfborg-fysio.dk\/"},{"@type":"ListItem","position":2,"name":"Behandlingskoncept","item":"https:\/\/ulfborg-fysio.dk\/?page_id=133"},{"@type":"ListItem","position":3,"name":"Rygtr\u00e6ning p\u00e5 hold"}]}]}},"_links":{"self":[{"href":"https:\/\/ulfborg-fysio.dk\/index.php?rest_route=\/wp\/v2\/pages\/154"}],"collection":[{"href":"https:\/\/ulfborg-fysio.dk\/index.php?rest_route=\/wp\/v2\/pages"}],"about":[{"href":"https:\/\/ulfborg-fysio.dk\/index.php?rest_route=\/wp\/v2\/types\/page"}],"author":[{"embeddable":true,"href":"https:\/\/ulfborg-fysio.dk\/index.php?rest_route=\/wp\/v2\/users\/1"}],"replies":[{"embeddable":true,"href":"https:\/\/ulfborg-fysio.dk\/index.php?rest_route=%2Fwp%2Fv2%2Fcomments&post=154"}],"version-history":[{"count":3,"href":"https:\/\/ulfborg-fysio.dk\/index.php?rest_route=\/wp\/v2\/pages\/154\/revisions"}],"predecessor-version":[{"id":617,"href":"https:\/\/ulfborg-fysio.dk\/index.php?rest_route=\/wp\/v2\/pages\/154\/revisions\/617"}],"up":[{"embeddable":true,"href":"https:\/\/ulfborg-fysio.dk\/index.php?rest_route=\/wp\/v2\/pages\/133"}],"wp:attachment":[{"href":"https:\/\/ulfborg-fysio.dk\/index.php?rest_route=%2Fwp%2Fv2%2Fmedia&parent=154"}],"curies":[{"name":"wp","href":"https:\/\/api.w.org\/{rel}","templated":true}]}}