{"id":143,"date":"2015-03-01T10:48:31","date_gmt":"2015-03-01T10:48:31","guid":{"rendered":"http:\/\/ulfborg-fysio.dk\/?page_id=143"},"modified":"2019-06-25T14:16:53","modified_gmt":"2019-06-25T14:16:53","slug":"boern-og-unge","status":"publish","type":"page","link":"https:\/\/ulfborg-fysio.dk\/?page_id=143","title":{"rendered":"B\u00f8rn og unge"},"content":{"rendered":"<h1><\/h1>\n<p><a href=\"http:\/\/ulfborg-fysio.dk\/wp-content\/uploads\/2015\/03\/boern_unge.jpg\"><img loading=\"lazy\" class=\"alignright wp-image-148 size-full\" src=\"http:\/\/ulfborg-fysio.dk\/wp-content\/uploads\/2015\/03\/boern_unge-e1425207217641.jpg\" alt=\"boern_unge\" width=\"298\" height=\"298\" srcset=\"https:\/\/ulfborg-fysio.dk\/wp-content\/uploads\/2015\/03\/boern_unge-e1425207217641.jpg 298w, https:\/\/ulfborg-fysio.dk\/wp-content\/uploads\/2015\/03\/boern_unge-e1425207217641-150x150.jpg 150w\" sizes=\"(max-width: 298px) 100vw, 298px\" \/><\/a>De fleste af os husker, hvor sv\u00e6rt det var at l\u00e6re at l\u00e6se, skrive og regne.<\/p>\n<p>Men for nogle b\u00f8rn begynder udfordringerne allerede med at sidde oprejst, sidde stille p\u00e5 stolen eller at holde p\u00e5 en blyant.<\/p>\n<p>Vi tilbyder:<\/p>\n<ul class=\"ap-list ap-list3\"><li>individuel behandling \u2013 enten p\u00e5 klinikken eller hjemme samt p\u00e5 institutioner<\/li>\n<li>individuel tr\u00e6ning eller tr\u00e6ning p\u00e5 sm\u00e5 hold<\/li>\n<li>gode r\u00e5d om ergonomi i forhold til indretning i hjemmet og p\u00e5 institution ifht. arbejdsstillinger og -funktioner<\/li>\n<li>hj\u00e6lp og r\u00e5dgivning p\u00e5 baggrund af motoriske unders\u00f8gelser og udredninger<\/li>\n<li>kurser, foredrag og st\u00f8tte rettet mod for\u00e6ldre, l\u00e6rere, p\u00e6dagoger og dagplejere<\/li><\/ul>\n<p><strong><a href=\"http:\/\/ulfborg-fysio.dk\/wp-content\/uploads\/2019\/06\/fys_bornunge_jun2019.pdf\" target=\"_blank\">L\u00e6s ogs\u00e5 vores folder om behandlingstilbud til b\u00f8rn og unge ved at klikke her.<\/a><\/strong><\/p>\n<p><em>(Note: Folderen er opdateret juni 2019)<\/em><\/p>\n","protected":false},"excerpt":{"rendered":"<p>De fleste af os husker, hvor sv\u00e6rt det var at l\u00e6re at l\u00e6se, skrive og regne. Men for nogle b\u00f8rn begynder udfordringerne allerede med at sidde oprejst, sidde stille p\u00e5 stolen eller at holde p\u00e5 en blyant. Vi tilbyder: L\u00e6s ogs\u00e5 vores folder om behandlingstilbud til b\u00f8rn og unge ved at klikke her. (Note: Folderen [&hellip;]<\/p>\n","protected":false},"author":1,"featured_media":148,"parent":133,"menu_order":0,"comment_status":"closed","ping_status":"closed","template":"","meta":{"ngg_post_thumbnail":0},"yoast_head":"<!-- This site is optimized with the Yoast SEO plugin v16.9 - https:\/\/yoast.com\/wordpress\/plugins\/seo\/ -->\n<meta name=\"robots\" content=\"index, follow, max-snippet:-1, max-image-preview:large, max-video-preview:-1\" \/>\n<link rel=\"canonical\" href=\"https:\/\/ulfborg-fysio.dk\/?page_id=143\" \/>\n<meta property=\"og:locale\" content=\"da_DK\" \/>\n<meta property=\"og:type\" content=\"article\" \/>\n<meta property=\"og:title\" content=\"B\u00f8rn og unge - Ulfborg Klinik for Fysioterapi\" \/>\n<meta property=\"og:description\" content=\"De fleste af os husker, hvor sv\u00e6rt det var at l\u00e6re at l\u00e6se, skrive og regne. Men for nogle b\u00f8rn begynder udfordringerne allerede med at sidde oprejst, sidde stille p\u00e5 stolen eller at holde p\u00e5 en blyant. Vi tilbyder: L\u00e6s ogs\u00e5 vores folder om behandlingstilbud til b\u00f8rn og unge ved at klikke her. (Note: Folderen [&hellip;]\" \/>\n<meta property=\"og:url\" content=\"https:\/\/ulfborg-fysio.dk\/?page_id=143\" \/>\n<meta property=\"og:site_name\" content=\"Ulfborg Klinik for Fysioterapi\" \/>\n<meta property=\"article:modified_time\" content=\"2019-06-25T14:16:53+00:00\" \/>\n<meta property=\"og:image\" content=\"http:\/\/ulfborg-fysio.dk\/wp-content\/uploads\/2015\/03\/boern_unge-e1425207217641.jpg\" \/>\n\t<meta property=\"og:image:width\" content=\"298\" \/>\n\t<meta property=\"og:image:height\" content=\"298\" \/>\n<meta name=\"twitter:card\" content=\"summary\" \/>\n<meta name=\"twitter:label1\" content=\"Estimeret l\u00e6setid\" \/>\n\t<meta name=\"twitter:data1\" content=\"1 minut\" \/>\n<script type=\"application\/ld+json\" class=\"yoast-schema-graph\">{\"@context\":\"https:\/\/schema.org\",\"@graph\":[{\"@type\":\"WebSite\",\"@id\":\"https:\/\/ulfborg-fysio.dk\/#website\",\"url\":\"https:\/\/ulfborg-fysio.dk\/\",\"name\":\"Ulfborg Klinik for Fysioterapi\",\"description\":\"\",\"potentialAction\":[{\"@type\":\"SearchAction\",\"target\":{\"@type\":\"EntryPoint\",\"urlTemplate\":\"https:\/\/ulfborg-fysio.dk\/?s={search_term_string}\"},\"query-input\":\"required name=search_term_string\"}],\"inLanguage\":\"da-DK\"},{\"@type\":\"ImageObject\",\"@id\":\"https:\/\/ulfborg-fysio.dk\/?page_id=143#primaryimage\",\"inLanguage\":\"da-DK\",\"url\":\"https:\/\/ulfborg-fysio.dk\/wp-content\/uploads\/2015\/03\/boern_unge-e1425207217641.jpg\",\"contentUrl\":\"https:\/\/ulfborg-fysio.dk\/wp-content\/uploads\/2015\/03\/boern_unge-e1425207217641.jpg\",\"width\":298,\"height\":298},{\"@type\":\"WebPage\",\"@id\":\"https:\/\/ulfborg-fysio.dk\/?page_id=143#webpage\",\"url\":\"https:\/\/ulfborg-fysio.dk\/?page_id=143\",\"name\":\"B\\u00f8rn og unge - Ulfborg Klinik for Fysioterapi\",\"isPartOf\":{\"@id\":\"https:\/\/ulfborg-fysio.dk\/#website\"},\"primaryImageOfPage\":{\"@id\":\"https:\/\/ulfborg-fysio.dk\/?page_id=143#primaryimage\"},\"datePublished\":\"2015-03-01T10:48:31+00:00\",\"dateModified\":\"2019-06-25T14:16:53+00:00\",\"breadcrumb\":{\"@id\":\"https:\/\/ulfborg-fysio.dk\/?page_id=143#breadcrumb\"},\"inLanguage\":\"da-DK\",\"potentialAction\":[{\"@type\":\"ReadAction\",\"target\":[\"https:\/\/ulfborg-fysio.dk\/?page_id=143\"]}]},{\"@type\":\"BreadcrumbList\",\"@id\":\"https:\/\/ulfborg-fysio.dk\/?page_id=143#breadcrumb\",\"itemListElement\":[{\"@type\":\"ListItem\",\"position\":1,\"name\":\"Hjem\",\"item\":\"https:\/\/ulfborg-fysio.dk\/\"},{\"@type\":\"ListItem\",\"position\":2,\"name\":\"Behandlingskoncept\",\"item\":\"https:\/\/ulfborg-fysio.dk\/?page_id=133\"},{\"@type\":\"ListItem\",\"position\":3,\"name\":\"B\\u00f8rn og unge\"}]}]}<\/script>\n<!-- \/ Yoast SEO plugin. -->","yoast_head_json":{"robots":{"index":"index","follow":"follow","max-snippet":"max-snippet:-1","max-image-preview":"max-image-preview:large","max-video-preview":"max-video-preview:-1"},"canonical":"https:\/\/ulfborg-fysio.dk\/?page_id=143","og_locale":"da_DK","og_type":"article","og_title":"B\u00f8rn og unge - Ulfborg Klinik for Fysioterapi","og_description":"De fleste af os husker, hvor sv\u00e6rt det var at l\u00e6re at l\u00e6se, skrive og regne. Men for nogle b\u00f8rn begynder udfordringerne allerede med at sidde oprejst, sidde stille p\u00e5 stolen eller at holde p\u00e5 en blyant. Vi tilbyder: L\u00e6s ogs\u00e5 vores folder om behandlingstilbud til b\u00f8rn og unge ved at klikke her. (Note: Folderen [&hellip;]","og_url":"https:\/\/ulfborg-fysio.dk\/?page_id=143","og_site_name":"Ulfborg Klinik for Fysioterapi","article_modified_time":"2019-06-25T14:16:53+00:00","og_image":[{"width":298,"height":298,"url":"http:\/\/ulfborg-fysio.dk\/wp-content\/uploads\/2015\/03\/boern_unge-e1425207217641.jpg","path":"\/var\/www\/vhosts\/ulfborg-fysio.dk\/httpdocs\/wp-content\/uploads\/2015\/03\/boern_unge-e1425207217641.jpg","size":"full","id":148,"alt":"","pixels":88804,"type":"image\/jpeg"}],"twitter_card":"summary","twitter_misc":{"Estimeret l\u00e6setid":"1 minut"},"schema":{"@context":"https:\/\/schema.org","@graph":[{"@type":"WebSite","@id":"https:\/\/ulfborg-fysio.dk\/#website","url":"https:\/\/ulfborg-fysio.dk\/","name":"Ulfborg Klinik for Fysioterapi","description":"","potentialAction":[{"@type":"SearchAction","target":{"@type":"EntryPoint","urlTemplate":"https:\/\/ulfborg-fysio.dk\/?s={search_term_string}"},"query-input":"required name=search_term_string"}],"inLanguage":"da-DK"},{"@type":"ImageObject","@id":"https:\/\/ulfborg-fysio.dk\/?page_id=143#primaryimage","inLanguage":"da-DK","url":"https:\/\/ulfborg-fysio.dk\/wp-content\/uploads\/2015\/03\/boern_unge-e1425207217641.jpg","contentUrl":"https:\/\/ulfborg-fysio.dk\/wp-content\/uploads\/2015\/03\/boern_unge-e1425207217641.jpg","width":298,"height":298},{"@type":"WebPage","@id":"https:\/\/ulfborg-fysio.dk\/?page_id=143#webpage","url":"https:\/\/ulfborg-fysio.dk\/?page_id=143","name":"B\u00f8rn og unge - Ulfborg Klinik for Fysioterapi","isPartOf":{"@id":"https:\/\/ulfborg-fysio.dk\/#website"},"primaryImageOfPage":{"@id":"https:\/\/ulfborg-fysio.dk\/?page_id=143#primaryimage"},"datePublished":"2015-03-01T10:48:31+00:00","dateModified":"2019-06-25T14:16:53+00:00","breadcrumb":{"@id":"https:\/\/ulfborg-fysio.dk\/?page_id=143#breadcrumb"},"inLanguage":"da-DK","potentialAction":[{"@type":"ReadAction","target":["https:\/\/ulfborg-fysio.dk\/?page_id=143"]}]},{"@type":"BreadcrumbList","@id":"https:\/\/ulfborg-fysio.dk\/?page_id=143#breadcrumb","itemListElement":[{"@type":"ListItem","position":1,"name":"Hjem","item":"https:\/\/ulfborg-fysio.dk\/"},{"@type":"ListItem","position":2,"name":"Behandlingskoncept","item":"https:\/\/ulfborg-fysio.dk\/?page_id=133"},{"@type":"ListItem","position":3,"name":"B\u00f8rn og unge"}]}]}},"_links":{"self":[{"href":"https:\/\/ulfborg-fysio.dk\/index.php?rest_route=\/wp\/v2\/pages\/143"}],"collection":[{"href":"https:\/\/ulfborg-fysio.dk\/index.php?rest_route=\/wp\/v2\/pages"}],"about":[{"href":"https:\/\/ulfborg-fysio.dk\/index.php?rest_route=\/wp\/v2\/types\/page"}],"author":[{"embeddable":true,"href":"https:\/\/ulfborg-fysio.dk\/index.php?rest_route=\/wp\/v2\/users\/1"}],"replies":[{"embeddable":true,"href":"https:\/\/ulfborg-fysio.dk\/index.php?rest_route=%2Fwp%2Fv2%2Fcomments&post=143"}],"version-history":[{"count":6,"href":"https:\/\/ulfborg-fysio.dk\/index.php?rest_route=\/wp\/v2\/pages\/143\/revisions"}],"predecessor-version":[{"id":489,"href":"https:\/\/ulfborg-fysio.dk\/index.php?rest_route=\/wp\/v2\/pages\/143\/revisions\/489"}],"up":[{"embeddable":true,"href":"https:\/\/ulfborg-fysio.dk\/index.php?rest_route=\/wp\/v2\/pages\/133"}],"wp:featuredmedia":[{"embeddable":true,"href":"https:\/\/ulfborg-fysio.dk\/index.php?rest_route=\/wp\/v2\/media\/148"}],"wp:attachment":[{"href":"https:\/\/ulfborg-fysio.dk\/index.php?rest_route=%2Fwp%2Fv2%2Fmedia&parent=143"}],"curies":[{"name":"wp","href":"https:\/\/api.w.org\/{rel}","templated":true}]}}