{"id":140,"date":"2015-03-01T10:47:26","date_gmt":"2015-03-01T10:47:26","guid":{"rendered":"http:\/\/ulfborg-fysio.dk\/?page_id=140"},"modified":"2015-03-01T10:47:26","modified_gmt":"2015-03-01T10:47:26","slug":"hjemmebehandling","status":"publish","type":"page","link":"https:\/\/ulfborg-fysio.dk\/?page_id=140","title":{"rendered":"Hjemmebehandling"},"content":{"rendered":"<p><a href=\"http:\/\/ulfborg-fysio.dk\/wp-content\/uploads\/2015\/03\/hjemmebehandling.jpg\"><img loading=\"lazy\" class=\"alignnone size-full wp-image-141\" src=\"http:\/\/ulfborg-fysio.dk\/wp-content\/uploads\/2015\/03\/hjemmebehandling.jpg\" alt=\"hjemmebehandling\" width=\"600\" height=\"296\" srcset=\"https:\/\/ulfborg-fysio.dk\/wp-content\/uploads\/2015\/03\/hjemmebehandling.jpg 600w, https:\/\/ulfborg-fysio.dk\/wp-content\/uploads\/2015\/03\/hjemmebehandling-300x148.jpg 300w\" sizes=\"(max-width: 600px) 100vw, 600px\" \/><\/a><\/p>\n<p>Visse patienter vil have s\u00e6rlig gavn af hjemmebehandling. Det kan v\u00e6re meget gangbesv\u00e6rede patienter, men ogs\u00e5 i opstarten af en genoptr\u00e6ning efter hospitalsindl\u00e6ggelse kan det v\u00e6re en fordel at tr\u00e6ne i hjemmet.<br \/>\nDen fysioterapeut, som kommer ud i hjemmet, har alle sine f\u00e6rdigheder og ganske f\u00e5 hj\u00e6lpemidler med. Men der er naturligvis ikke helt samme muligheder som p\u00e5 klinikken. Derfor opfordrer vi patienten til, at perioden med hjemmebehandling bliver s\u00e5 kort som mulig.<\/p>\n<p>Desuden er hjemmebehandling en smule dyrere. Foruden normal takst for behandling er der et afstandstill\u00e6g samt betaling pr. kilometer.<\/p>\n<p>Hjemmebehandling foreg\u00e5r oftest efter l\u00e6gens henvisning.<\/p>\n","protected":false},"excerpt":{"rendered":"<p>Visse patienter vil have s\u00e6rlig gavn af hjemmebehandling. Det kan v\u00e6re meget gangbesv\u00e6rede patienter, men ogs\u00e5 i opstarten af en genoptr\u00e6ning efter hospitalsindl\u00e6ggelse kan det v\u00e6re en fordel at tr\u00e6ne i hjemmet. Den fysioterapeut, som kommer ud i hjemmet, har alle sine f\u00e6rdigheder og ganske f\u00e5 hj\u00e6lpemidler med. Men der er naturligvis ikke helt samme [&hellip;]<\/p>\n","protected":false},"author":1,"featured_media":0,"parent":133,"menu_order":0,"comment_status":"closed","ping_status":"closed","template":"","meta":{"ngg_post_thumbnail":0},"yoast_head":"<!-- This site is optimized with the Yoast SEO plugin v16.9 - https:\/\/yoast.com\/wordpress\/plugins\/seo\/ -->\n<meta name=\"robots\" content=\"index, follow, max-snippet:-1, max-image-preview:large, max-video-preview:-1\" \/>\n<link rel=\"canonical\" href=\"https:\/\/ulfborg-fysio.dk\/?page_id=140\" \/>\n<meta property=\"og:locale\" content=\"da_DK\" \/>\n<meta property=\"og:type\" content=\"article\" \/>\n<meta property=\"og:title\" content=\"Hjemmebehandling - Ulfborg Klinik for Fysioterapi\" \/>\n<meta property=\"og:description\" content=\"Visse patienter vil have s\u00e6rlig gavn af hjemmebehandling. Det kan v\u00e6re meget gangbesv\u00e6rede patienter, men ogs\u00e5 i opstarten af en genoptr\u00e6ning efter hospitalsindl\u00e6ggelse kan det v\u00e6re en fordel at tr\u00e6ne i hjemmet. Den fysioterapeut, som kommer ud i hjemmet, har alle sine f\u00e6rdigheder og ganske f\u00e5 hj\u00e6lpemidler med. Men der er naturligvis ikke helt samme [&hellip;]\" \/>\n<meta property=\"og:url\" content=\"https:\/\/ulfborg-fysio.dk\/?page_id=140\" \/>\n<meta property=\"og:site_name\" content=\"Ulfborg Klinik for Fysioterapi\" \/>\n<meta property=\"og:image\" content=\"http:\/\/ulfborg-fysio.dk\/wp-content\/uploads\/2015\/03\/hjemmebehandling.jpg\" \/>\n<meta name=\"twitter:card\" content=\"summary\" \/>\n<meta name=\"twitter:label1\" content=\"Estimeret l\u00e6setid\" \/>\n\t<meta name=\"twitter:data1\" content=\"1 minut\" \/>\n<script type=\"application\/ld+json\" class=\"yoast-schema-graph\">{\"@context\":\"https:\/\/schema.org\",\"@graph\":[{\"@type\":\"WebSite\",\"@id\":\"https:\/\/ulfborg-fysio.dk\/#website\",\"url\":\"https:\/\/ulfborg-fysio.dk\/\",\"name\":\"Ulfborg Klinik for Fysioterapi\",\"description\":\"\",\"potentialAction\":[{\"@type\":\"SearchAction\",\"target\":{\"@type\":\"EntryPoint\",\"urlTemplate\":\"https:\/\/ulfborg-fysio.dk\/?s={search_term_string}\"},\"query-input\":\"required name=search_term_string\"}],\"inLanguage\":\"da-DK\"},{\"@type\":\"ImageObject\",\"@id\":\"https:\/\/ulfborg-fysio.dk\/?page_id=140#primaryimage\",\"inLanguage\":\"da-DK\",\"url\":\"http:\/\/ulfborg-fysio.dk\/wp-content\/uploads\/2015\/03\/hjemmebehandling.jpg\",\"contentUrl\":\"http:\/\/ulfborg-fysio.dk\/wp-content\/uploads\/2015\/03\/hjemmebehandling.jpg\"},{\"@type\":\"WebPage\",\"@id\":\"https:\/\/ulfborg-fysio.dk\/?page_id=140#webpage\",\"url\":\"https:\/\/ulfborg-fysio.dk\/?page_id=140\",\"name\":\"Hjemmebehandling - Ulfborg Klinik for Fysioterapi\",\"isPartOf\":{\"@id\":\"https:\/\/ulfborg-fysio.dk\/#website\"},\"primaryImageOfPage\":{\"@id\":\"https:\/\/ulfborg-fysio.dk\/?page_id=140#primaryimage\"},\"datePublished\":\"2015-03-01T10:47:26+00:00\",\"dateModified\":\"2015-03-01T10:47:26+00:00\",\"breadcrumb\":{\"@id\":\"https:\/\/ulfborg-fysio.dk\/?page_id=140#breadcrumb\"},\"inLanguage\":\"da-DK\",\"potentialAction\":[{\"@type\":\"ReadAction\",\"target\":[\"https:\/\/ulfborg-fysio.dk\/?page_id=140\"]}]},{\"@type\":\"BreadcrumbList\",\"@id\":\"https:\/\/ulfborg-fysio.dk\/?page_id=140#breadcrumb\",\"itemListElement\":[{\"@type\":\"ListItem\",\"position\":1,\"name\":\"Hjem\",\"item\":\"https:\/\/ulfborg-fysio.dk\/\"},{\"@type\":\"ListItem\",\"position\":2,\"name\":\"Behandlingskoncept\",\"item\":\"https:\/\/ulfborg-fysio.dk\/?page_id=133\"},{\"@type\":\"ListItem\",\"position\":3,\"name\":\"Hjemmebehandling\"}]}]}<\/script>\n<!-- \/ Yoast SEO plugin. -->","yoast_head_json":{"robots":{"index":"index","follow":"follow","max-snippet":"max-snippet:-1","max-image-preview":"max-image-preview:large","max-video-preview":"max-video-preview:-1"},"canonical":"https:\/\/ulfborg-fysio.dk\/?page_id=140","og_locale":"da_DK","og_type":"article","og_title":"Hjemmebehandling - Ulfborg Klinik for Fysioterapi","og_description":"Visse patienter vil have s\u00e6rlig gavn af hjemmebehandling. Det kan v\u00e6re meget gangbesv\u00e6rede patienter, men ogs\u00e5 i opstarten af en genoptr\u00e6ning efter hospitalsindl\u00e6ggelse kan det v\u00e6re en fordel at tr\u00e6ne i hjemmet. Den fysioterapeut, som kommer ud i hjemmet, har alle sine f\u00e6rdigheder og ganske f\u00e5 hj\u00e6lpemidler med. Men der er naturligvis ikke helt samme [&hellip;]","og_url":"https:\/\/ulfborg-fysio.dk\/?page_id=140","og_site_name":"Ulfborg Klinik for Fysioterapi","og_image":[{"url":"http:\/\/ulfborg-fysio.dk\/wp-content\/uploads\/2015\/03\/hjemmebehandling.jpg"}],"twitter_card":"summary","twitter_misc":{"Estimeret l\u00e6setid":"1 minut"},"schema":{"@context":"https:\/\/schema.org","@graph":[{"@type":"WebSite","@id":"https:\/\/ulfborg-fysio.dk\/#website","url":"https:\/\/ulfborg-fysio.dk\/","name":"Ulfborg Klinik for Fysioterapi","description":"","potentialAction":[{"@type":"SearchAction","target":{"@type":"EntryPoint","urlTemplate":"https:\/\/ulfborg-fysio.dk\/?s={search_term_string}"},"query-input":"required name=search_term_string"}],"inLanguage":"da-DK"},{"@type":"ImageObject","@id":"https:\/\/ulfborg-fysio.dk\/?page_id=140#primaryimage","inLanguage":"da-DK","url":"http:\/\/ulfborg-fysio.dk\/wp-content\/uploads\/2015\/03\/hjemmebehandling.jpg","contentUrl":"http:\/\/ulfborg-fysio.dk\/wp-content\/uploads\/2015\/03\/hjemmebehandling.jpg"},{"@type":"WebPage","@id":"https:\/\/ulfborg-fysio.dk\/?page_id=140#webpage","url":"https:\/\/ulfborg-fysio.dk\/?page_id=140","name":"Hjemmebehandling - Ulfborg Klinik for Fysioterapi","isPartOf":{"@id":"https:\/\/ulfborg-fysio.dk\/#website"},"primaryImageOfPage":{"@id":"https:\/\/ulfborg-fysio.dk\/?page_id=140#primaryimage"},"datePublished":"2015-03-01T10:47:26+00:00","dateModified":"2015-03-01T10:47:26+00:00","breadcrumb":{"@id":"https:\/\/ulfborg-fysio.dk\/?page_id=140#breadcrumb"},"inLanguage":"da-DK","potentialAction":[{"@type":"ReadAction","target":["https:\/\/ulfborg-fysio.dk\/?page_id=140"]}]},{"@type":"BreadcrumbList","@id":"https:\/\/ulfborg-fysio.dk\/?page_id=140#breadcrumb","itemListElement":[{"@type":"ListItem","position":1,"name":"Hjem","item":"https:\/\/ulfborg-fysio.dk\/"},{"@type":"ListItem","position":2,"name":"Behandlingskoncept","item":"https:\/\/ulfborg-fysio.dk\/?page_id=133"},{"@type":"ListItem","position":3,"name":"Hjemmebehandling"}]}]}},"_links":{"self":[{"href":"https:\/\/ulfborg-fysio.dk\/index.php?rest_route=\/wp\/v2\/pages\/140"}],"collection":[{"href":"https:\/\/ulfborg-fysio.dk\/index.php?rest_route=\/wp\/v2\/pages"}],"about":[{"href":"https:\/\/ulfborg-fysio.dk\/index.php?rest_route=\/wp\/v2\/types\/page"}],"author":[{"embeddable":true,"href":"https:\/\/ulfborg-fysio.dk\/index.php?rest_route=\/wp\/v2\/users\/1"}],"replies":[{"embeddable":true,"href":"https:\/\/ulfborg-fysio.dk\/index.php?rest_route=%2Fwp%2Fv2%2Fcomments&post=140"}],"version-history":[{"count":1,"href":"https:\/\/ulfborg-fysio.dk\/index.php?rest_route=\/wp\/v2\/pages\/140\/revisions"}],"predecessor-version":[{"id":142,"href":"https:\/\/ulfborg-fysio.dk\/index.php?rest_route=\/wp\/v2\/pages\/140\/revisions\/142"}],"up":[{"embeddable":true,"href":"https:\/\/ulfborg-fysio.dk\/index.php?rest_route=\/wp\/v2\/pages\/133"}],"wp:attachment":[{"href":"https:\/\/ulfborg-fysio.dk\/index.php?rest_route=%2Fwp%2Fv2%2Fmedia&parent=140"}],"curies":[{"name":"wp","href":"https:\/\/api.w.org\/{rel}","templated":true}]}}