{"id":137,"date":"2015-03-01T10:45:50","date_gmt":"2015-03-01T10:45:50","guid":{"rendered":"http:\/\/ulfborg-fysio.dk\/?page_id=137"},"modified":"2015-10-26T12:16:03","modified_gmt":"2015-10-26T12:16:03","slug":"klinikbehandling","status":"publish","type":"page","link":"https:\/\/ulfborg-fysio.dk\/?page_id=137","title":{"rendered":"Klinikbehandling"},"content":{"rendered":"<p>&nbsp;<\/p>\n<p><a href=\"http:\/\/ulfborg-fysio.dk\/wp-content\/uploads\/2015\/03\/klinikbehandling.jpg\"><img loading=\"lazy\" class=\"alignright size-medium wp-image-138\" src=\"http:\/\/ulfborg-fysio.dk\/wp-content\/uploads\/2015\/03\/klinikbehandling-300x154.jpg\" alt=\"klinikbehandling\" width=\"300\" height=\"154\" srcset=\"https:\/\/ulfborg-fysio.dk\/wp-content\/uploads\/2015\/03\/klinikbehandling-300x154.jpg 300w, https:\/\/ulfborg-fysio.dk\/wp-content\/uploads\/2015\/03\/klinikbehandling.jpg 600w\" sizes=\"(max-width: 300px) 100vw, 300px\" \/><\/a>P\u00e5 Ulfborg Klinik for Fysioterapi er det vigtigt for os at yde en behandling, hvor patienten er en aktiv deltager. F.eks. g\u00f8r vi meget ud af at forklare, hvorfor en skade er opst\u00e5et, og hvordan patienten i sin hverdag kan bidrage til en hurtigere rehabilitering. Endelig g\u00f8r vi meget ud af at forebygge, at lignende skader opst\u00e5r igen. Det sker bl.a. med vejledning i ergonomi og udarbejdelse af tr\u00e6ningsprogrammer.<\/p>\n<p>Et typisk behandlingsforl\u00f8b begynder med en henvisning fra l\u00e6gen. Efter en grundig unders\u00f8gelse hos en af klinikkens seks fysioterapeuter l\u00e6gges en behandlingsstrategi.<\/p>\n<p>I behandlingen arbejder vi inden for disse omr\u00e5der:<\/p>\n<ul>\n<li>McKenzie-behandling<\/li>\n<li>Manuel terapi<\/li>\n<li>Idr\u00e6tsfysioterapi<\/li>\n<li>B\u00f8rnebehandling<\/li>\n<li>Genoptr\u00e6ning<\/li>\n<li>Medicinsk tr\u00e6ningsterapi (MTT)<\/li>\n<li>Mulligan<\/li>\n<\/ul>\n","protected":false},"excerpt":{"rendered":"<p>&nbsp; P\u00e5 Ulfborg Klinik for Fysioterapi er det vigtigt for os at yde en behandling, hvor patienten er en aktiv deltager. F.eks. g\u00f8r vi meget ud af at forklare, hvorfor en skade er opst\u00e5et, og hvordan patienten i sin hverdag kan bidrage til en hurtigere rehabilitering. Endelig g\u00f8r vi meget ud af at forebygge, at [&hellip;]<\/p>\n","protected":false},"author":1,"featured_media":0,"parent":133,"menu_order":0,"comment_status":"closed","ping_status":"closed","template":"","meta":{"ngg_post_thumbnail":0},"yoast_head":"<!-- This site is optimized with the Yoast SEO plugin v16.9 - https:\/\/yoast.com\/wordpress\/plugins\/seo\/ -->\n<meta name=\"robots\" content=\"index, follow, max-snippet:-1, max-image-preview:large, max-video-preview:-1\" \/>\n<link rel=\"canonical\" href=\"https:\/\/ulfborg-fysio.dk\/?page_id=137\" \/>\n<meta property=\"og:locale\" content=\"da_DK\" \/>\n<meta property=\"og:type\" content=\"article\" \/>\n<meta property=\"og:title\" content=\"Klinikbehandling - Ulfborg Klinik for Fysioterapi\" \/>\n<meta property=\"og:description\" content=\"&nbsp; P\u00e5 Ulfborg Klinik for Fysioterapi er det vigtigt for os at yde en behandling, hvor patienten er en aktiv deltager. F.eks. g\u00f8r vi meget ud af at forklare, hvorfor en skade er opst\u00e5et, og hvordan patienten i sin hverdag kan bidrage til en hurtigere rehabilitering. Endelig g\u00f8r vi meget ud af at forebygge, at [&hellip;]\" \/>\n<meta property=\"og:url\" content=\"https:\/\/ulfborg-fysio.dk\/?page_id=137\" \/>\n<meta property=\"og:site_name\" content=\"Ulfborg Klinik for Fysioterapi\" \/>\n<meta property=\"article:modified_time\" content=\"2015-10-26T12:16:03+00:00\" \/>\n<meta property=\"og:image\" content=\"http:\/\/ulfborg-fysio.dk\/wp-content\/uploads\/2015\/03\/klinikbehandling-300x154.jpg\" \/>\n<meta name=\"twitter:card\" content=\"summary\" \/>\n<meta name=\"twitter:label1\" content=\"Estimeret l\u00e6setid\" \/>\n\t<meta name=\"twitter:data1\" content=\"1 minut\" \/>\n<script type=\"application\/ld+json\" class=\"yoast-schema-graph\">{\"@context\":\"https:\/\/schema.org\",\"@graph\":[{\"@type\":\"WebSite\",\"@id\":\"https:\/\/ulfborg-fysio.dk\/#website\",\"url\":\"https:\/\/ulfborg-fysio.dk\/\",\"name\":\"Ulfborg Klinik for Fysioterapi\",\"description\":\"\",\"potentialAction\":[{\"@type\":\"SearchAction\",\"target\":{\"@type\":\"EntryPoint\",\"urlTemplate\":\"https:\/\/ulfborg-fysio.dk\/?s={search_term_string}\"},\"query-input\":\"required name=search_term_string\"}],\"inLanguage\":\"da-DK\"},{\"@type\":\"ImageObject\",\"@id\":\"https:\/\/ulfborg-fysio.dk\/?page_id=137#primaryimage\",\"inLanguage\":\"da-DK\",\"url\":\"http:\/\/ulfborg-fysio.dk\/wp-content\/uploads\/2015\/03\/klinikbehandling-300x154.jpg\",\"contentUrl\":\"http:\/\/ulfborg-fysio.dk\/wp-content\/uploads\/2015\/03\/klinikbehandling-300x154.jpg\"},{\"@type\":\"WebPage\",\"@id\":\"https:\/\/ulfborg-fysio.dk\/?page_id=137#webpage\",\"url\":\"https:\/\/ulfborg-fysio.dk\/?page_id=137\",\"name\":\"Klinikbehandling - Ulfborg Klinik for Fysioterapi\",\"isPartOf\":{\"@id\":\"https:\/\/ulfborg-fysio.dk\/#website\"},\"primaryImageOfPage\":{\"@id\":\"https:\/\/ulfborg-fysio.dk\/?page_id=137#primaryimage\"},\"datePublished\":\"2015-03-01T10:45:50+00:00\",\"dateModified\":\"2015-10-26T12:16:03+00:00\",\"breadcrumb\":{\"@id\":\"https:\/\/ulfborg-fysio.dk\/?page_id=137#breadcrumb\"},\"inLanguage\":\"da-DK\",\"potentialAction\":[{\"@type\":\"ReadAction\",\"target\":[\"https:\/\/ulfborg-fysio.dk\/?page_id=137\"]}]},{\"@type\":\"BreadcrumbList\",\"@id\":\"https:\/\/ulfborg-fysio.dk\/?page_id=137#breadcrumb\",\"itemListElement\":[{\"@type\":\"ListItem\",\"position\":1,\"name\":\"Hjem\",\"item\":\"https:\/\/ulfborg-fysio.dk\/\"},{\"@type\":\"ListItem\",\"position\":2,\"name\":\"Behandlingskoncept\",\"item\":\"https:\/\/ulfborg-fysio.dk\/?page_id=133\"},{\"@type\":\"ListItem\",\"position\":3,\"name\":\"Klinikbehandling\"}]}]}<\/script>\n<!-- \/ Yoast SEO plugin. -->","yoast_head_json":{"robots":{"index":"index","follow":"follow","max-snippet":"max-snippet:-1","max-image-preview":"max-image-preview:large","max-video-preview":"max-video-preview:-1"},"canonical":"https:\/\/ulfborg-fysio.dk\/?page_id=137","og_locale":"da_DK","og_type":"article","og_title":"Klinikbehandling - Ulfborg Klinik for Fysioterapi","og_description":"&nbsp; P\u00e5 Ulfborg Klinik for Fysioterapi er det vigtigt for os at yde en behandling, hvor patienten er en aktiv deltager. F.eks. g\u00f8r vi meget ud af at forklare, hvorfor en skade er opst\u00e5et, og hvordan patienten i sin hverdag kan bidrage til en hurtigere rehabilitering. Endelig g\u00f8r vi meget ud af at forebygge, at [&hellip;]","og_url":"https:\/\/ulfborg-fysio.dk\/?page_id=137","og_site_name":"Ulfborg Klinik for Fysioterapi","article_modified_time":"2015-10-26T12:16:03+00:00","og_image":[{"url":"http:\/\/ulfborg-fysio.dk\/wp-content\/uploads\/2015\/03\/klinikbehandling-300x154.jpg"}],"twitter_card":"summary","twitter_misc":{"Estimeret l\u00e6setid":"1 minut"},"schema":{"@context":"https:\/\/schema.org","@graph":[{"@type":"WebSite","@id":"https:\/\/ulfborg-fysio.dk\/#website","url":"https:\/\/ulfborg-fysio.dk\/","name":"Ulfborg Klinik for Fysioterapi","description":"","potentialAction":[{"@type":"SearchAction","target":{"@type":"EntryPoint","urlTemplate":"https:\/\/ulfborg-fysio.dk\/?s={search_term_string}"},"query-input":"required name=search_term_string"}],"inLanguage":"da-DK"},{"@type":"ImageObject","@id":"https:\/\/ulfborg-fysio.dk\/?page_id=137#primaryimage","inLanguage":"da-DK","url":"http:\/\/ulfborg-fysio.dk\/wp-content\/uploads\/2015\/03\/klinikbehandling-300x154.jpg","contentUrl":"http:\/\/ulfborg-fysio.dk\/wp-content\/uploads\/2015\/03\/klinikbehandling-300x154.jpg"},{"@type":"WebPage","@id":"https:\/\/ulfborg-fysio.dk\/?page_id=137#webpage","url":"https:\/\/ulfborg-fysio.dk\/?page_id=137","name":"Klinikbehandling - Ulfborg Klinik for Fysioterapi","isPartOf":{"@id":"https:\/\/ulfborg-fysio.dk\/#website"},"primaryImageOfPage":{"@id":"https:\/\/ulfborg-fysio.dk\/?page_id=137#primaryimage"},"datePublished":"2015-03-01T10:45:50+00:00","dateModified":"2015-10-26T12:16:03+00:00","breadcrumb":{"@id":"https:\/\/ulfborg-fysio.dk\/?page_id=137#breadcrumb"},"inLanguage":"da-DK","potentialAction":[{"@type":"ReadAction","target":["https:\/\/ulfborg-fysio.dk\/?page_id=137"]}]},{"@type":"BreadcrumbList","@id":"https:\/\/ulfborg-fysio.dk\/?page_id=137#breadcrumb","itemListElement":[{"@type":"ListItem","position":1,"name":"Hjem","item":"https:\/\/ulfborg-fysio.dk\/"},{"@type":"ListItem","position":2,"name":"Behandlingskoncept","item":"https:\/\/ulfborg-fysio.dk\/?page_id=133"},{"@type":"ListItem","position":3,"name":"Klinikbehandling"}]}]}},"_links":{"self":[{"href":"https:\/\/ulfborg-fysio.dk\/index.php?rest_route=\/wp\/v2\/pages\/137"}],"collection":[{"href":"https:\/\/ulfborg-fysio.dk\/index.php?rest_route=\/wp\/v2\/pages"}],"about":[{"href":"https:\/\/ulfborg-fysio.dk\/index.php?rest_route=\/wp\/v2\/types\/page"}],"author":[{"embeddable":true,"href":"https:\/\/ulfborg-fysio.dk\/index.php?rest_route=\/wp\/v2\/users\/1"}],"replies":[{"embeddable":true,"href":"https:\/\/ulfborg-fysio.dk\/index.php?rest_route=%2Fwp%2Fv2%2Fcomments&post=137"}],"version-history":[{"count":2,"href":"https:\/\/ulfborg-fysio.dk\/index.php?rest_route=\/wp\/v2\/pages\/137\/revisions"}],"predecessor-version":[{"id":252,"href":"https:\/\/ulfborg-fysio.dk\/index.php?rest_route=\/wp\/v2\/pages\/137\/revisions\/252"}],"up":[{"embeddable":true,"href":"https:\/\/ulfborg-fysio.dk\/index.php?rest_route=\/wp\/v2\/pages\/133"}],"wp:attachment":[{"href":"https:\/\/ulfborg-fysio.dk\/index.php?rest_route=%2Fwp%2Fv2%2Fmedia&parent=137"}],"curies":[{"name":"wp","href":"https:\/\/api.w.org\/{rel}","templated":true}]}}